{"id":1373,"date":"2018-04-11T12:11:41","date_gmt":"2018-04-11T09:11:41","guid":{"rendered":"http:\/\/www.tahtikuski.fi\/kauppa\/?post_type=product&#038;p=1373"},"modified":"2026-01-28T13:00:10","modified_gmt":"2026-01-28T11:00:10","slug":"be-ajo-opetus","status":"publish","type":"product","link":"https:\/\/tahtikuski.fi\/itakeskus\/?product=be-ajo-opetus","title":{"rendered":"BE ajo-opetus"},"content":{"rendered":"","protected":false},"excerpt":{"rendered":"<p>Yhdistelm\u00e4n peruuttaminen ei aina ole niin helppoa kuin luulisi. Ajotunti BE -yhdistelm\u00e4ll\u00e4 suoritetaan asiakkaan autolla ja autokoulun per\u00e4vaunulla. Ammattilaisen ohjeistuksessa saat tarvitsemasi vinkit peruutukseen sek\u00e4 tutkintovaatimuksiin. Ajotunnin hinta on 80,00 \u20ac (\u00e1 50 min). <a href=\"https:\/\/www.startrent.fi\/ajoneuvovuokraus\/peravaunuvuokraus\/\" target=\"_blank\" rel=\"noopener\">Per\u00e4vaunun vuokra kokeeseen<\/a> on 90,00. Ajotunti ja vuokraus Herttoniemest\u00e4.<\/p>\n<p>Tutkinnon voi suorittaa automaattivaihteisella autolla, ilman ett\u00e4 menett\u00e4isit oikeuden ajaa manuaalivaihteista autoa.<\/p>\n<p><strong>Kevyen yhdistelm\u00e4n ajokortti (BE)<\/strong><\/p>\n<h4>Ajokorttivaatimus, kun:<\/h4>\n<ul>\n<li>vetoauto on B-luokan ajoneuvo (kokonaismassa enint\u00e4\u00e4n 3500 kg)<\/li>\n<li>ajoneuvoyhdistelm\u00e4n kokonaismassa on yli 3500 kg<\/li>\n<li>per\u00e4vaunun kokonaismassa on yli 750 kg ja enint\u00e4\u00e4n 3500 kg<\/li>\n<\/ul>\n<h4>BE-luokan kuljettajantutkintoon p\u00e4\u00e4semisen edellytykset<\/h4>\n<ul>\n<li>ik\u00e4 v\u00e4hint\u00e4\u00e4n 18 vuotta<\/li>\n<li>voimassa oleva ajokorttilupa <strong>JA<\/strong><\/li>\n<li>tutkinnon suorittajalla on Suomessa B-luokan ajo-oikeus tai h\u00e4n on suorittanut t\u00e4\u00e4ll\u00e4 B-luokan tutkinnon tai h\u00e4nell\u00e4 on ulkomailla my\u00f6nnetty vastaava ajokortti (B)<br \/>\n<strong>TAI<\/strong><\/li>\n<li>h\u00e4nell\u00e4 on ollut aikaisemmin Suomessa BE-luokan ajoneuvoyhdistelm\u00e4n ajo-oikeus tai h\u00e4nelle on ulkomailla my\u00f6nnetty vastaava ajokortti (BE)<\/li>\n<\/ul>\n<p>&nbsp;<\/p>\n","protected":false},"featured_media":1476,"template":"","meta":[],"product_brand":[],"product_cat":[26],"product_tag":[],"class_list":{"0":"post-1373","1":"product","2":"type-product","3":"status-publish","4":"has-post-thumbnail","6":"product_cat-be","8":"first","9":"instock","10":"taxable","11":"shipping-taxable","12":"purchasable","13":"product-type-simple"},"_links":{"self":[{"href":"https:\/\/tahtikuski.fi\/itakeskus\/index.php?rest_route=\/wp\/v2\/product\/1373","targetHints":{"allow":["GET"]}}],"collection":[{"href":"https:\/\/tahtikuski.fi\/itakeskus\/index.php?rest_route=\/wp\/v2\/product"}],"about":[{"href":"https:\/\/tahtikuski.fi\/itakeskus\/index.php?rest_route=\/wp\/v2\/types\/product"}],"wp:featuredmedia":[{"embeddable":true,"href":"https:\/\/tahtikuski.fi\/itakeskus\/index.php?rest_route=\/wp\/v2\/media\/1476"}],"wp:attachment":[{"href":"https:\/\/tahtikuski.fi\/itakeskus\/index.php?rest_route=%2Fwp%2Fv2%2Fmedia&parent=1373"}],"wp:term":[{"taxonomy":"product_brand","embeddable":true,"href":"https:\/\/tahtikuski.fi\/itakeskus\/index.php?rest_route=%2Fwp%2Fv2%2Fproduct_brand&post=1373"},{"taxonomy":"product_cat","embeddable":true,"href":"https:\/\/tahtikuski.fi\/itakeskus\/index.php?rest_route=%2Fwp%2Fv2%2Fproduct_cat&post=1373"},{"taxonomy":"product_tag","embeddable":true,"href":"https:\/\/tahtikuski.fi\/itakeskus\/index.php?rest_route=%2Fwp%2Fv2%2Fproduct_tag&post=1373"}],"curies":[{"name":"wp","href":"https:\/\/api.w.org\/{rel}","templated":true}]}}