{"id":1448,"date":"2018-07-04T08:48:31","date_gmt":"2018-07-04T05:48:31","guid":{"rendered":"http:\/\/www.tahtikuski.fi\/kauppa\/?post_type=product&#038;p=1448"},"modified":"2026-01-28T12:54:25","modified_gmt":"2026-01-28T10:54:25","slug":"eas-liikenteen-perusteet","status":"publish","type":"product","link":"https:\/\/tahtikuski.fi\/itakeskus\/?product=eas-liikenteen-perusteet","title":{"rendered":"EAS Liikenteen perusteet"},"content":{"rendered":"<p>TEORIAOPETUS<\/p>\n","protected":false},"excerpt":{"rendered":"<p><strong>Ensimm\u00e4ist\u00e4 ajokorttia suorittavan koulutus<\/strong> (EAS), 4 teoriatuntia, on pakollinen kaikille, jotka ajavat ensimm\u00e4ist\u00e4 ajokorttia ensimm\u00e4ist\u00e4 kertaa.<\/p>\n<ul>\n<li>Opetus sis\u00e4lt\u00e4\u00e4 4 tuntia teoriakoulutusta liikenteen perusteita<\/li>\n<\/ul>\n<p>Koulutuksen tavoitteena on antaa ajokorttia suorittavalle perustiedot liikennej\u00e4rjestelm\u00e4st\u00e4, liikennes\u00e4\u00e4nn\u00f6ist\u00e4, liikenteen vuorovaikutteisuudesta ja riskeist\u00e4, eri tienk\u00e4ytt\u00e4j\u00e4ryhmien turvallisuuteen liittyvist\u00e4 tekij\u00f6ist\u00e4, moottorik\u00e4ytt\u00f6isen ajoneuvon kuljettamiseen liittyvist\u00e4 vastuista ja velvollisuuksista sek\u00e4 muista turvallisen ja ymp\u00e4rist\u00f6n huomioon ottavan ajotavan vaatimuksista<\/p>\n<p>Tunnit voi suorittaa luokassa tai Zoomin kautta. Nettiteoriaa varten tarvitset vain kameralla ja mikrofonilla varustetun tietokoneen tai mobiililaitteen. Kolmas vaihtoehto on verkkopohjaiset teoriat joita voi suorittaa ma-la.<\/p>\n","protected":false},"featured_media":1093,"template":"","meta":[],"product_brand":[],"product_cat":[21,22],"product_tag":[],"class_list":{"0":"post-1448","1":"product","2":"type-product","3":"status-publish","4":"has-post-thumbnail","6":"product_cat-opetuslupa","7":"product_cat-teoria-opetus","9":"first","10":"instock","11":"taxable","12":"shipping-taxable","13":"purchasable","14":"product-type-simple"},"_links":{"self":[{"href":"https:\/\/tahtikuski.fi\/itakeskus\/index.php?rest_route=\/wp\/v2\/product\/1448","targetHints":{"allow":["GET"]}}],"collection":[{"href":"https:\/\/tahtikuski.fi\/itakeskus\/index.php?rest_route=\/wp\/v2\/product"}],"about":[{"href":"https:\/\/tahtikuski.fi\/itakeskus\/index.php?rest_route=\/wp\/v2\/types\/product"}],"wp:featuredmedia":[{"embeddable":true,"href":"https:\/\/tahtikuski.fi\/itakeskus\/index.php?rest_route=\/wp\/v2\/media\/1093"}],"wp:attachment":[{"href":"https:\/\/tahtikuski.fi\/itakeskus\/index.php?rest_route=%2Fwp%2Fv2%2Fmedia&parent=1448"}],"wp:term":[{"taxonomy":"product_brand","embeddable":true,"href":"https:\/\/tahtikuski.fi\/itakeskus\/index.php?rest_route=%2Fwp%2Fv2%2Fproduct_brand&post=1448"},{"taxonomy":"product_cat","embeddable":true,"href":"https:\/\/tahtikuski.fi\/itakeskus\/index.php?rest_route=%2Fwp%2Fv2%2Fproduct_cat&post=1448"},{"taxonomy":"product_tag","embeddable":true,"href":"https:\/\/tahtikuski.fi\/itakeskus\/index.php?rest_route=%2Fwp%2Fv2%2Fproduct_tag&post=1448"}],"curies":[{"name":"wp","href":"https:\/\/api.w.org\/{rel}","templated":true}]}}