{"id":1456,"date":"2018-07-05T18:17:59","date_gmt":"2018-07-05T15:17:59","guid":{"rendered":"http:\/\/www.tahtikuski.fi\/kauppa\/?post_type=product&#038;p=1456"},"modified":"2026-01-28T12:41:32","modified_gmt":"2026-01-28T10:41:32","slug":"oppilaan-oppimisymparisto-webauto","status":"publish","type":"product","link":"https:\/\/tahtikuski.fi\/itakeskus\/?product=oppilaan-oppimisymparisto-webauto","title":{"rendered":"Oppilaan s\u00e4hk\u00f6inen oppimateriaali (T\/AM\/A\/B\/BE\/C1\/C1E) sis. s\u00e4hk\u00f6isen kirjan, teht\u00e4vi\u00e4 ja teoriakoeharjoittelu"},"content":{"rendered":"","protected":false},"excerpt":{"rendered":"<p>S\u00e4hk\u00f6inen oppimateriaalipaketti (luokille T\/AM\/A\/B\/BE\/C1\/C1E) sis\u00e4lt\u00e4en s\u00e4hk\u00f6isen kirjan, monipuolisia teht\u00e4vi\u00e4 teoriaopiskelun ja ajotuntien tueksi, sek\u00e4 teoriakoeharjoitteluohjelma ja koevalmennusohjelma. Mainitse tilauksen lis\u00e4tietoihin mille ajokorttiluokalle haluat oppimateriaalit.<\/p>\n<p>Lisenssi on vuoden voimassa.<\/p>\n","protected":false},"featured_media":1393,"template":"","meta":[],"product_brand":[],"product_cat":[28,35,29,30,25,19,26,18,21,36],"product_tag":[],"class_list":{"0":"post-1456","1":"product","2":"type-product","3":"status-publish","4":"has-post-thumbnail","6":"product_cat-a","7":"product_cat-a1","8":"product_cat-a2","9":"product_cat-am-120","10":"product_cat-am-121","11":"product_cat-b","12":"product_cat-be","13":"product_cat-c1e","14":"product_cat-opetuslupa","15":"product_cat-oppimateriaalit","17":"first","18":"instock","19":"taxable","20":"shipping-taxable","21":"purchasable","22":"product-type-simple"},"_links":{"self":[{"href":"https:\/\/tahtikuski.fi\/itakeskus\/index.php?rest_route=\/wp\/v2\/product\/1456","targetHints":{"allow":["GET"]}}],"collection":[{"href":"https:\/\/tahtikuski.fi\/itakeskus\/index.php?rest_route=\/wp\/v2\/product"}],"about":[{"href":"https:\/\/tahtikuski.fi\/itakeskus\/index.php?rest_route=\/wp\/v2\/types\/product"}],"wp:featuredmedia":[{"embeddable":true,"href":"https:\/\/tahtikuski.fi\/itakeskus\/index.php?rest_route=\/wp\/v2\/media\/1393"}],"wp:attachment":[{"href":"https:\/\/tahtikuski.fi\/itakeskus\/index.php?rest_route=%2Fwp%2Fv2%2Fmedia&parent=1456"}],"wp:term":[{"taxonomy":"product_brand","embeddable":true,"href":"https:\/\/tahtikuski.fi\/itakeskus\/index.php?rest_route=%2Fwp%2Fv2%2Fproduct_brand&post=1456"},{"taxonomy":"product_cat","embeddable":true,"href":"https:\/\/tahtikuski.fi\/itakeskus\/index.php?rest_route=%2Fwp%2Fv2%2Fproduct_cat&post=1456"},{"taxonomy":"product_tag","embeddable":true,"href":"https:\/\/tahtikuski.fi\/itakeskus\/index.php?rest_route=%2Fwp%2Fv2%2Fproduct_tag&post=1456"}],"curies":[{"name":"wp","href":"https:\/\/api.w.org\/{rel}","templated":true}]}}