{"id":1461,"date":"2018-07-09T14:38:33","date_gmt":"2018-07-09T11:38:33","guid":{"rendered":"http:\/\/www.tahtikuski.fi\/kauppa\/?post_type=product&#038;p=1461"},"modified":"2026-01-28T12:31:01","modified_gmt":"2026-01-28T10:31:01","slug":"ajokielto-koulutus","status":"publish","type":"product","link":"https:\/\/tahtikuski.fi\/itakeskus\/?product=ajokielto-koulutus","title":{"rendered":"Ajokieltokoulutus"},"content":{"rendered":"<p>TEORIAKOULUTUS<\/p>\n","protected":false},"excerpt":{"rendered":"<p>4 tunnin koulutus, mik\u00e4 annetaan korttinsa menett\u00e4neelle.<\/p>\n<p>Mik\u00e4li kuljettaja m\u00e4\u00e4r\u00e4t\u00e4\u00e4n auton ensimm\u00e4isen ajo-oikeuden saamista seuraavan kahden vuoden aikana tehdyist\u00e4 liikennerikoksista tai toistuvista liikennerikkomuksista ajokieltoon, ajokortin palauttamisen edellytyksen\u00e4 ajokiellon p\u00e4\u00e4ttymisen j\u00e4lkeen on, ett\u00e4 h\u00e4n k\u00e4y riskik\u00e4ytt\u00e4ytymist\u00e4 ja sen vaikutuksia liikenneturvallisuuteen k\u00e4sittelev\u00e4n lis\u00e4koulutuksen. Koulutuksesta on esitett\u00e4v\u00e4 todistus viranomaiselle.\u00a0Kyseess\u00e4 on uuden ajokorttilain mukainen koulutus (Ajokorttilaki 37\u00a7).<\/p>\n<p>Koulutus sis\u00e4lt\u00e4\u00e4:<\/p>\n<ul>\n<li>4 tunnin teoriakoulutuksen<\/li>\n<\/ul>\n","protected":false},"featured_media":1470,"template":"","meta":[],"product_brand":[],"product_cat":[17],"product_tag":[],"class_list":{"0":"post-1461","1":"product","2":"type-product","3":"status-publish","4":"has-post-thumbnail","6":"product_cat-kurssit","8":"first","9":"instock","10":"taxable","11":"shipping-taxable","12":"purchasable","13":"product-type-simple"},"_links":{"self":[{"href":"https:\/\/tahtikuski.fi\/itakeskus\/index.php?rest_route=\/wp\/v2\/product\/1461","targetHints":{"allow":["GET"]}}],"collection":[{"href":"https:\/\/tahtikuski.fi\/itakeskus\/index.php?rest_route=\/wp\/v2\/product"}],"about":[{"href":"https:\/\/tahtikuski.fi\/itakeskus\/index.php?rest_route=\/wp\/v2\/types\/product"}],"wp:featuredmedia":[{"embeddable":true,"href":"https:\/\/tahtikuski.fi\/itakeskus\/index.php?rest_route=\/wp\/v2\/media\/1470"}],"wp:attachment":[{"href":"https:\/\/tahtikuski.fi\/itakeskus\/index.php?rest_route=%2Fwp%2Fv2%2Fmedia&parent=1461"}],"wp:term":[{"taxonomy":"product_brand","embeddable":true,"href":"https:\/\/tahtikuski.fi\/itakeskus\/index.php?rest_route=%2Fwp%2Fv2%2Fproduct_brand&post=1461"},{"taxonomy":"product_cat","embeddable":true,"href":"https:\/\/tahtikuski.fi\/itakeskus\/index.php?rest_route=%2Fwp%2Fv2%2Fproduct_cat&post=1461"},{"taxonomy":"product_tag","embeddable":true,"href":"https:\/\/tahtikuski.fi\/itakeskus\/index.php?rest_route=%2Fwp%2Fv2%2Fproduct_tag&post=1461"}],"curies":[{"name":"wp","href":"https:\/\/api.w.org\/{rel}","templated":true}]}}