{"id":1674,"date":"2018-08-24T14:20:25","date_gmt":"2018-08-24T11:20:25","guid":{"rendered":"http:\/\/tahtikuski.com\/itakeskus\/?post_type=product&#038;p=1674"},"modified":"2026-01-28T12:29:20","modified_gmt":"2026-01-28T10:29:20","slug":"kevytmoottoripyorakurssi-kortilliselle","status":"publish","type":"product","link":"https:\/\/tahtikuski.fi\/itakeskus\/?product=kevytmoottoripyorakurssi-kortilliselle","title":{"rendered":"Kevytmoottoripy\u00f6r\u00e4kurssi kortilliselle"},"content":{"rendered":"","protected":false},"excerpt":{"rendered":"<p>Ik\u00e4vaatimus 16 vuotta. Kuljettajatutkinnossa teoriakoe, k\u00e4sittely- ja ajokoe. Teoriatutkintoon voi osallistua kuukautta ennen, mutta ajotutkintoon vasta ik\u00e4vaatimuksen t\u00e4yttyess\u00e4.<\/p>\n<p>Suosittelemme yhten\u00e4 iltana pidett\u00e4vi\u00e4 vapaaehtoisa teorioita. Oppitunneilla tutuksi tulevat niin moottoripy\u00f6r\u00e4ilyn riskit, ajomekaniikka kuin tutkinnon vaatimuksetkin. Teoriaopetuksen avulla kokenut moottoripy\u00f6r\u00e4opettaja valmentaa oppilaat parhaiten itse ajamiseen. N\u00e4in ajo-opetuksessa voidaan alusta asti keskitty\u00e4 k\u00e4yt\u00e4nn\u00f6n ajoharjoituksiin. Voit lis\u00e4ksi valita teoriakoeharjoitteluohjelman tai laajemman oppimisymp\u00e4rist\u00f6n itseopiskeluja varten.<\/p>\n<p>Voimme tulostaa ajokorttilupahakemuksen sinulle allekirjoitettavaksi tai mik\u00e4li sinulla on verkkopankkitunnukset, voit hakea ajokorttiluokan korotusta Trafin palvelun kautta, jolloin hinta on 30,00:<\/p>\n<p><a href=\"https:\/\/asiointi.trafi.fi\/henkiloasiakkaat\/tieliikenne\/ajokortti\/korottaminen\">https:\/\/asiointi.trafi.fi\/henkiloasiakkaat\/tieliikenne\/ajokortti\/korottaminen<\/a><\/p>\n<p>Ajokorttilupa my\u00f6nnet\u00e4\u00e4n heti, ja varaat ajan teoriakokeeseen Ajovarman nettisivuilla:<\/p>\n<p><a href=\"https:\/\/www.ajovarma.fi\/ajanvaraus\">https:\/\/www.ajovarma.fi\/ajanvaraus<\/a><\/p>\n<p>Kun olet l\u00e4p\u00e4issyt teoriakokeen, varaamme sinulle ajotunnit sek\u00e4 k\u00e4sittely- ja ajokokeet.<\/p>\n<p>Hinta sis\u00e4lt\u00e4\u00e4:<\/p>\n<ul>\n<li>toimistopalvelut<\/li>\n<li>5h ajo-opetusta<\/li>\n<li>py\u00f6r\u00e4n k\u00e4yt\u00f6n kuljettajantutkinnossa<\/li>\n<\/ul>\n<p>Kurssin hinta ei sis\u00e4ll\u00e4 viranomaismaksuja.<\/p>\n","protected":false},"featured_media":1710,"template":"","meta":[],"product_brand":[],"product_cat":[35,17,20],"product_tag":[],"class_list":{"0":"post-1674","1":"product","2":"type-product","3":"status-publish","4":"has-post-thumbnail","6":"product_cat-a1","7":"product_cat-kurssit","8":"product_cat-tahtikuski-paketit","10":"first","11":"instock","12":"taxable","13":"shipping-taxable","14":"purchasable","15":"product-type-simple"},"_links":{"self":[{"href":"https:\/\/tahtikuski.fi\/itakeskus\/index.php?rest_route=\/wp\/v2\/product\/1674","targetHints":{"allow":["GET"]}}],"collection":[{"href":"https:\/\/tahtikuski.fi\/itakeskus\/index.php?rest_route=\/wp\/v2\/product"}],"about":[{"href":"https:\/\/tahtikuski.fi\/itakeskus\/index.php?rest_route=\/wp\/v2\/types\/product"}],"wp:featuredmedia":[{"embeddable":true,"href":"https:\/\/tahtikuski.fi\/itakeskus\/index.php?rest_route=\/wp\/v2\/media\/1710"}],"wp:attachment":[{"href":"https:\/\/tahtikuski.fi\/itakeskus\/index.php?rest_route=%2Fwp%2Fv2%2Fmedia&parent=1674"}],"wp:term":[{"taxonomy":"product_brand","embeddable":true,"href":"https:\/\/tahtikuski.fi\/itakeskus\/index.php?rest_route=%2Fwp%2Fv2%2Fproduct_brand&post=1674"},{"taxonomy":"product_cat","embeddable":true,"href":"https:\/\/tahtikuski.fi\/itakeskus\/index.php?rest_route=%2Fwp%2Fv2%2Fproduct_cat&post=1674"},{"taxonomy":"product_tag","embeddable":true,"href":"https:\/\/tahtikuski.fi\/itakeskus\/index.php?rest_route=%2Fwp%2Fv2%2Fproduct_tag&post=1674"}],"curies":[{"name":"wp","href":"https:\/\/api.w.org\/{rel}","templated":true}]}}