{"id":1677,"date":"2018-08-24T14:27:50","date_gmt":"2018-08-24T11:27:50","guid":{"rendered":"http:\/\/tahtikuski.com\/itakeskus\/?post_type=product&#038;p=1677"},"modified":"2026-01-28T12:27:32","modified_gmt":"2026-01-28T10:27:32","slug":"kevytmoottoripyorakurssi-harjoitusluvalla-ei-aikaisempaa-korttia","status":"publish","type":"product","link":"https:\/\/tahtikuski.fi\/itakeskus\/?product=kevytmoottoripyorakurssi-harjoitusluvalla-ei-aikaisempaa-korttia","title":{"rendered":"Kevytmoottoripy\u00f6r\u00e4kurssi harjoitusluvalla, ei aikaisempaa korttia"},"content":{"rendered":"","protected":false},"excerpt":{"rendered":"<p>Moottoripy\u00f6r\u00e4kortin voi ajaa my\u00f6s harjoitteluluvalla. Se sis\u00e4lt\u00e4\u00e4 pienimm\u00e4n mahdollisen opetusm\u00e4\u00e4r\u00e4n ja soveltuu p\u00e4\u00e4s\u00e4\u00e4nt\u00f6isesti oppilaille, joilla jo entuudestaan on kokemusta kaksipy\u00f6r\u00e4isill\u00e4 ajamisesta. Opetusluvalla harjoitteleva asiakas ajaa opettajan kanssa v\u00e4hint\u00e4\u00e4n 4h ajotuntia ja suorittaa k\u00e4sittelykokeen.<\/p>\n<p>Hyv\u00e4ksytyn k\u00e4sittelykokeen j\u00e4lkeen harjoituslupaa haetaan tutkinnonvastaanottajalta (Ajovarma). Lupa on voimassa 3kk ja ajotutkinnon voi suorittaa 1kk harjoittelun j\u00e4lkeen. Muista, ett\u00e4 harjoituslupa ei ole varsinainen ajokortti. Se antaa vain oikeuden harjoitella liikenteess\u00e4 ajamista omatoimisesti. Tutustu my\u00f6s tutkinnossa vaadittaviin ajovaruste- ja ajoneuvovaatimuksiin.<\/p>\n<p>Kuljettajatutkinnossa teoriakoe, k\u00e4sittely- ja ajokoe. Ik\u00e4vaatimus 16 vuotta. Teoriatutkintoon voi osallistua kuukautta ennen, mutta ajotutkintoon vasta ik\u00e4vaatimuksen t\u00e4yttyess\u00e4.<\/p>\n<p>Suosittelemme yhten\u00e4 iltana pidett\u00e4vi\u00e4 vapaaehtoisa teorioita. Oppitunneilla tutuksi tulevat niin moottoripy\u00f6r\u00e4ilyn riskit, ajomekaniikka kuin tutkinnon vaatimuksetkin. Teoriaopetuksen avulla kokenut moottoripy\u00f6r\u00e4opettaja valmentaa oppilaat parhaiten itse ajamiseen. N\u00e4in ajo-opetuksessa voidaan alusta asti keskitty\u00e4 k\u00e4yt\u00e4nn\u00f6n ajoharjoituksiin. Voit lis\u00e4ksi valita teoriakoeharjoitteluohjelman tai laajemman oppimisymp\u00e4rist\u00f6n itseopiskeluja varten.<\/p>\n<p>&nbsp;<\/p>\n<p>Kurssi sis\u00e4lt\u00e4\u00e4:<\/p>\n<ul>\n<li>toimistopalvelut<\/li>\n<li>Ensimm\u00e4isen ajokortin suorittajan teoriat<\/li>\n<li>4h ajo-opetusta<\/li>\n<li>py\u00f6r\u00e4n k\u00e4yt\u00f6n k\u00e4sittelykokeessa<\/li>\n<\/ul>\n<p>Kurssin hinta ei sis\u00e4ll\u00e4 viranomaismaksuja.<\/p>\n","protected":false},"featured_media":1710,"template":"","meta":[],"product_brand":[],"product_cat":[35,17],"product_tag":[],"class_list":{"0":"post-1677","1":"product","2":"type-product","3":"status-publish","4":"has-post-thumbnail","6":"product_cat-a1","7":"product_cat-kurssit","9":"first","10":"instock","11":"taxable","12":"shipping-taxable","13":"purchasable","14":"product-type-simple"},"_links":{"self":[{"href":"https:\/\/tahtikuski.fi\/itakeskus\/index.php?rest_route=\/wp\/v2\/product\/1677","targetHints":{"allow":["GET"]}}],"collection":[{"href":"https:\/\/tahtikuski.fi\/itakeskus\/index.php?rest_route=\/wp\/v2\/product"}],"about":[{"href":"https:\/\/tahtikuski.fi\/itakeskus\/index.php?rest_route=\/wp\/v2\/types\/product"}],"wp:featuredmedia":[{"embeddable":true,"href":"https:\/\/tahtikuski.fi\/itakeskus\/index.php?rest_route=\/wp\/v2\/media\/1710"}],"wp:attachment":[{"href":"https:\/\/tahtikuski.fi\/itakeskus\/index.php?rest_route=%2Fwp%2Fv2%2Fmedia&parent=1677"}],"wp:term":[{"taxonomy":"product_brand","embeddable":true,"href":"https:\/\/tahtikuski.fi\/itakeskus\/index.php?rest_route=%2Fwp%2Fv2%2Fproduct_brand&post=1677"},{"taxonomy":"product_cat","embeddable":true,"href":"https:\/\/tahtikuski.fi\/itakeskus\/index.php?rest_route=%2Fwp%2Fv2%2Fproduct_cat&post=1677"},{"taxonomy":"product_tag","embeddable":true,"href":"https:\/\/tahtikuski.fi\/itakeskus\/index.php?rest_route=%2Fwp%2Fv2%2Fproduct_tag&post=1677"}],"curies":[{"name":"wp","href":"https:\/\/api.w.org\/{rel}","templated":true}]}}