{"id":1678,"date":"2018-08-24T14:30:04","date_gmt":"2018-08-24T11:30:04","guid":{"rendered":"http:\/\/tahtikuski.com\/itakeskus\/?post_type=product&#038;p=1678"},"modified":"2026-01-28T12:27:08","modified_gmt":"2026-01-28T10:27:08","slug":"moottoripyorakurssi-kortilliselle-2","status":"publish","type":"product","link":"https:\/\/tahtikuski.fi\/itakeskus\/?product=moottoripyorakurssi-kortilliselle-2","title":{"rendered":"Moottoripy\u00f6r\u00e4kurssi kortilliselle (A2)"},"content":{"rendered":"","protected":false},"excerpt":{"rendered":"<p>Ik\u00e4vaatimus on 18 vuotta. Kuljettajatutkinnossa on teoriakoe, k\u00e4sittely- ja ajokoe. Teoriatutkintoon voi osallistua kuukautta ennen, mutta ajotutkintoon vasta ik\u00e4vaatimuksen t\u00e4yttyess\u00e4.<\/p>\n<p>Suosittelemme yhten\u00e4 iltana pidett\u00e4vi\u00e4 vapaaehtoisa teorioita. Oppitunneilla tutuksi tulevat niin moottoripy\u00f6r\u00e4ilyn riskit, ajomekaniikka kuin tutkinnon vaatimuksetkin. Teoriaopetuksen avulla kokenut moottoripy\u00f6r\u00e4opettaja valmentaa oppilaat parhaiten itse ajamiseen. N\u00e4in ajo-opetuksessa voidaan alusta asti keskitty\u00e4 k\u00e4yt\u00e4nn\u00f6n ajoharjoituksiin. Voit lis\u00e4ksi valita teoriakoeharjoitteluohjelman tai laajemman oppimisymp\u00e4rist\u00f6n itseopiskeluja varten.<\/p>\n<p>Kortillisena haet ajokorttiluokan korotusta suoraan Trafin palvelun kautta, jolloin hinta on 30,00:<\/p>\n<p><a href=\"https:\/\/asiointi.trafi.fi\/henkiloasiakkaat\/tieliikenne\/ajokortti\/korottaminen\">https:\/\/asiointi.trafi.fi\/henkiloasiakkaat\/tieliikenne\/ajokortti\/korottaminen<\/a><\/p>\n<p>Ajokorttilupa my\u00f6nnet\u00e4\u00e4n heti, ja varaat ajan teoriakokeeseen Ajovarman nettisivuilla:<\/p>\n<p><a href=\"https:\/\/www.ajovarma.fi\/ajanvaraus\">https:\/\/www.ajovarma.fi\/ajanvaraus<\/a><\/p>\n<p>Kun olet l\u00e4p\u00e4issyt teoriakokeen, varaamme sinulle ajotunnit sek\u00e4 k\u00e4sittely- ja ajokokeet.<\/p>\n<p>&nbsp;<\/p>\n<p>Hinta sis\u00e4lt\u00e4\u00e4:<\/p>\n<ul>\n<li>toimistopalvelut<\/li>\n<li>5 h ajo-opetusta<\/li>\n<li>py\u00f6r\u00e4n k\u00e4ytt\u00f6 kuljettajantutkinnossa<\/li>\n<\/ul>\n<p>Kurssin hinta ei sis\u00e4ll\u00e4 viranomaismaksuja.<\/p>\n","protected":false},"featured_media":1712,"template":"","meta":[],"product_brand":[],"product_cat":[29,17],"product_tag":[],"class_list":{"0":"post-1678","1":"product","2":"type-product","3":"status-publish","4":"has-post-thumbnail","6":"product_cat-a2","7":"product_cat-kurssit","9":"first","10":"instock","11":"taxable","12":"shipping-taxable","13":"purchasable","14":"product-type-simple"},"_links":{"self":[{"href":"https:\/\/tahtikuski.fi\/itakeskus\/index.php?rest_route=\/wp\/v2\/product\/1678","targetHints":{"allow":["GET"]}}],"collection":[{"href":"https:\/\/tahtikuski.fi\/itakeskus\/index.php?rest_route=\/wp\/v2\/product"}],"about":[{"href":"https:\/\/tahtikuski.fi\/itakeskus\/index.php?rest_route=\/wp\/v2\/types\/product"}],"wp:featuredmedia":[{"embeddable":true,"href":"https:\/\/tahtikuski.fi\/itakeskus\/index.php?rest_route=\/wp\/v2\/media\/1712"}],"wp:attachment":[{"href":"https:\/\/tahtikuski.fi\/itakeskus\/index.php?rest_route=%2Fwp%2Fv2%2Fmedia&parent=1678"}],"wp:term":[{"taxonomy":"product_brand","embeddable":true,"href":"https:\/\/tahtikuski.fi\/itakeskus\/index.php?rest_route=%2Fwp%2Fv2%2Fproduct_brand&post=1678"},{"taxonomy":"product_cat","embeddable":true,"href":"https:\/\/tahtikuski.fi\/itakeskus\/index.php?rest_route=%2Fwp%2Fv2%2Fproduct_cat&post=1678"},{"taxonomy":"product_tag","embeddable":true,"href":"https:\/\/tahtikuski.fi\/itakeskus\/index.php?rest_route=%2Fwp%2Fv2%2Fproduct_tag&post=1678"}],"curies":[{"name":"wp","href":"https:\/\/api.w.org\/{rel}","templated":true}]}}