{"id":1682,"date":"2018-08-24T15:07:19","date_gmt":"2018-08-24T12:07:19","guid":{"rendered":"http:\/\/tahtikuski.com\/itakeskus\/?post_type=product&#038;p=1682"},"modified":"2026-01-28T12:24:29","modified_gmt":"2026-01-28T10:24:29","slug":"b-kurssi-kortilliselle","status":"publish","type":"product","link":"https:\/\/tahtikuski.fi\/itakeskus\/?product=b-kurssi-kortilliselle","title":{"rendered":"B-kurssi kortilliselle"},"content":{"rendered":"","protected":false},"excerpt":{"rendered":"<p>Kuljettajatutkinnossa teoriakoe ja ajokoe. Teoriatutkintoon voi osallistua kuukautta ennen, mutta ajotutkintoon vasta ik\u00e4vaatimuksen t\u00e4yttyess\u00e4.<\/p>\n<p>Kurssi sis\u00e4lt\u00e4\u00e4:<\/p>\n<ul>\n<li>toimistopalvelut<\/li>\n<li>10 ajotuntia autolla + 3 ajotuntia veloituksetta simulaattorilla<\/li>\n<li>riskientunnistamiskoulutus sis. 4 RTK teoriatuntia ja 4 RTK-ajotuntia<\/li>\n<li>auton k\u00e4ytt\u00f6 ajokokeessa<\/li>\n<\/ul>\n<p>Kurssin hinta ei sis\u00e4ll\u00e4 oppimateriaaleja, viranomaismaksuja eik\u00e4 ratamaksua.<\/p>\n","protected":false},"featured_media":1714,"template":"","meta":[],"product_brand":[],"product_cat":[19,17],"product_tag":[],"class_list":{"0":"post-1682","1":"product","2":"type-product","3":"status-publish","4":"has-post-thumbnail","6":"product_cat-b","7":"product_cat-kurssit","9":"first","10":"instock","11":"taxable","12":"shipping-taxable","13":"purchasable","14":"product-type-simple"},"_links":{"self":[{"href":"https:\/\/tahtikuski.fi\/itakeskus\/index.php?rest_route=\/wp\/v2\/product\/1682","targetHints":{"allow":["GET"]}}],"collection":[{"href":"https:\/\/tahtikuski.fi\/itakeskus\/index.php?rest_route=\/wp\/v2\/product"}],"about":[{"href":"https:\/\/tahtikuski.fi\/itakeskus\/index.php?rest_route=\/wp\/v2\/types\/product"}],"wp:featuredmedia":[{"embeddable":true,"href":"https:\/\/tahtikuski.fi\/itakeskus\/index.php?rest_route=\/wp\/v2\/media\/1714"}],"wp:attachment":[{"href":"https:\/\/tahtikuski.fi\/itakeskus\/index.php?rest_route=%2Fwp%2Fv2%2Fmedia&parent=1682"}],"wp:term":[{"taxonomy":"product_brand","embeddable":true,"href":"https:\/\/tahtikuski.fi\/itakeskus\/index.php?rest_route=%2Fwp%2Fv2%2Fproduct_brand&post=1682"},{"taxonomy":"product_cat","embeddable":true,"href":"https:\/\/tahtikuski.fi\/itakeskus\/index.php?rest_route=%2Fwp%2Fv2%2Fproduct_cat&post=1682"},{"taxonomy":"product_tag","embeddable":true,"href":"https:\/\/tahtikuski.fi\/itakeskus\/index.php?rest_route=%2Fwp%2Fv2%2Fproduct_tag&post=1682"}],"curies":[{"name":"wp","href":"https:\/\/api.w.org\/{rel}","templated":true}]}}