{"id":1689,"date":"2018-08-24T15:34:00","date_gmt":"2018-08-24T12:34:00","guid":{"rendered":"http:\/\/tahtikuski.com\/itakeskus\/?post_type=product&#038;p=1689"},"modified":"2026-01-28T12:18:01","modified_gmt":"2026-01-28T10:18:01","slug":"korotus-c1-lokasta-c-luokkaan","status":"publish","type":"product","link":"https:\/\/tahtikuski.fi\/itakeskus\/?product=korotus-c1-lokasta-c-luokkaan","title":{"rendered":"Korotus C1-luokasta C-luokkaan (C1 ajettu ennen 12\/2018)"},"content":{"rendered":"","protected":false},"excerpt":{"rendered":"<p>Kurssi sis\u00e4lt\u00e4\u00e4 3h teoriaa ja 5h ajo-opetusta. Kuljettajatutkinnossa teoria- ja ajokoe. Edellytt\u00e4\u00e4 aikaisempaa BC1 luokan ajo-oikeutta.<\/p>\n","protected":false},"featured_media":1326,"template":"","meta":[],"product_brand":[],"product_cat":[27,17],"product_tag":[],"class_list":{"0":"post-1689","1":"product","2":"type-product","3":"status-publish","4":"has-post-thumbnail","6":"product_cat-c","7":"product_cat-kurssit","9":"first","10":"instock","11":"taxable","12":"shipping-taxable","13":"purchasable","14":"product-type-simple"},"_links":{"self":[{"href":"https:\/\/tahtikuski.fi\/itakeskus\/index.php?rest_route=\/wp\/v2\/product\/1689","targetHints":{"allow":["GET"]}}],"collection":[{"href":"https:\/\/tahtikuski.fi\/itakeskus\/index.php?rest_route=\/wp\/v2\/product"}],"about":[{"href":"https:\/\/tahtikuski.fi\/itakeskus\/index.php?rest_route=\/wp\/v2\/types\/product"}],"wp:featuredmedia":[{"embeddable":true,"href":"https:\/\/tahtikuski.fi\/itakeskus\/index.php?rest_route=\/wp\/v2\/media\/1326"}],"wp:attachment":[{"href":"https:\/\/tahtikuski.fi\/itakeskus\/index.php?rest_route=%2Fwp%2Fv2%2Fmedia&parent=1689"}],"wp:term":[{"taxonomy":"product_brand","embeddable":true,"href":"https:\/\/tahtikuski.fi\/itakeskus\/index.php?rest_route=%2Fwp%2Fv2%2Fproduct_brand&post=1689"},{"taxonomy":"product_cat","embeddable":true,"href":"https:\/\/tahtikuski.fi\/itakeskus\/index.php?rest_route=%2Fwp%2Fv2%2Fproduct_cat&post=1689"},{"taxonomy":"product_tag","embeddable":true,"href":"https:\/\/tahtikuski.fi\/itakeskus\/index.php?rest_route=%2Fwp%2Fv2%2Fproduct_tag&post=1689"}],"curies":[{"name":"wp","href":"https:\/\/api.w.org\/{rel}","templated":true}]}}