{"id":1691,"date":"2018-08-24T15:38:09","date_gmt":"2018-08-24T12:38:09","guid":{"rendered":"http:\/\/tahtikuski.com\/itakeskus\/?post_type=product&#038;p=1691"},"modified":"2026-01-28T14:57:09","modified_gmt":"2026-01-28T12:57:09","slug":"c1e-yhdistelma-c1-c-kortti-ja-ammattipatevyys-pohjalla","status":"publish","type":"product","link":"https:\/\/tahtikuski.fi\/itakeskus\/?product=c1e-yhdistelma-c1-c-kortti-ja-ammattipatevyys-pohjalla","title":{"rendered":"C1E, C1\/C kortti pohjalla"},"content":{"rendered":"","protected":false},"excerpt":{"rendered":"<p>Kurssiin kuuluu 3h teoriaopetusta ja 3h ajo-opetusta. Kuljettajatutkinnossa teoriakoe, k\u00e4sittely- ja ajokoe. Edellytt\u00e4\u00e4 aikaisempaa C1- tai C- ajo-oikeutta.<\/p>\n<p>Kevyen yhdistelm\u00e4n ajokortti (C1E)<\/p>\n<p>Ajokorttivaatimus, kun<\/p>\n<p>(rekister\u00f6intitodistukseen merkityt massat)<\/p>\n<ul>\n<li>C1-luokan vetoauto (kokonaismassa yli 3500 kg ja enint\u00e4\u00e4n 7500 kg) ja hinattava ajoneuvo, jonka kokonaismassa on yli 750 kg; tai<\/li>\n<li>B-luokan vetoauto ja hinattava ajoneuvo, jonka kokonaismassa on yli 3500 kg, yhdistelm\u00e4n kokonaismassa kuitenkin enint\u00e4\u00e4n 12 000 kg<\/li>\n<\/ul>\n<p>&nbsp;<\/p>\n","protected":false},"featured_media":1053,"template":"","meta":[],"product_brand":[],"product_cat":[18,17],"product_tag":[],"class_list":{"0":"post-1691","1":"product","2":"type-product","3":"status-publish","4":"has-post-thumbnail","6":"product_cat-c1e","7":"product_cat-kurssit","9":"first","10":"instock","11":"taxable","12":"shipping-taxable","13":"purchasable","14":"product-type-simple"},"_links":{"self":[{"href":"https:\/\/tahtikuski.fi\/itakeskus\/index.php?rest_route=\/wp\/v2\/product\/1691","targetHints":{"allow":["GET"]}}],"collection":[{"href":"https:\/\/tahtikuski.fi\/itakeskus\/index.php?rest_route=\/wp\/v2\/product"}],"about":[{"href":"https:\/\/tahtikuski.fi\/itakeskus\/index.php?rest_route=\/wp\/v2\/types\/product"}],"wp:featuredmedia":[{"embeddable":true,"href":"https:\/\/tahtikuski.fi\/itakeskus\/index.php?rest_route=\/wp\/v2\/media\/1053"}],"wp:attachment":[{"href":"https:\/\/tahtikuski.fi\/itakeskus\/index.php?rest_route=%2Fwp%2Fv2%2Fmedia&parent=1691"}],"wp:term":[{"taxonomy":"product_brand","embeddable":true,"href":"https:\/\/tahtikuski.fi\/itakeskus\/index.php?rest_route=%2Fwp%2Fv2%2Fproduct_brand&post=1691"},{"taxonomy":"product_cat","embeddable":true,"href":"https:\/\/tahtikuski.fi\/itakeskus\/index.php?rest_route=%2Fwp%2Fv2%2Fproduct_cat&post=1691"},{"taxonomy":"product_tag","embeddable":true,"href":"https:\/\/tahtikuski.fi\/itakeskus\/index.php?rest_route=%2Fwp%2Fv2%2Fproduct_tag&post=1691"}],"curies":[{"name":"wp","href":"https:\/\/api.w.org\/{rel}","templated":true}]}}