{"id":1704,"date":"2018-08-24T16:18:17","date_gmt":"2018-08-24T13:18:17","guid":{"rendered":"http:\/\/tahtikuski.com\/itakeskus\/?post_type=product&#038;p=1704"},"modified":"2026-01-28T12:14:23","modified_gmt":"2026-01-28T10:14:23","slug":"poliisin-tai-laakarin-maaraama-ajokoe-automaattivaihteisella","status":"publish","type":"product","link":"https:\/\/tahtikuski.fi\/itakeskus\/?product=poliisin-tai-laakarin-maaraama-ajokoe-automaattivaihteisella","title":{"rendered":"Poliisin tai l\u00e4\u00e4k\u00e4rin m\u00e4\u00e4r\u00e4\u00e4m\u00e4 ajokoe"},"content":{"rendered":"<p>IK\u00c4KULJETTAJAT<\/p>\n","protected":false},"excerpt":{"rendered":"<p>Poliisi voi m\u00e4\u00e4r\u00e4t\u00e4 henkil\u00f6n kuljettajatutkinnon ajokokeeseen, mik\u00e4li ep\u00e4ilee kuljettajan kyky\u00e4 kuljettaa ajoneuvoa turvallisesti. Usein ep\u00e4ilys liittyy kuljettajan ajoterveyteen tai yleiseen ajok\u00e4ytt\u00e4ytymiseen.<\/p>\n<p>T\u00e4htikuski Autokoulusta voit ostaa palvelupaketin poliisin m\u00e4\u00e4r\u00e4\u00e4m\u00e4\u00e4 ajokoetta varten. Paketti sis\u00e4lt\u00e4\u00e4 arvioivan ajotunnin, palautteen ja selvityksen ajokokeen vaatimuksista, 0,5h ajoa ennen ajokoetta sek\u00e4 auton k\u00e4ytt\u00f6 tutkinnossa. Ajotutkinto ajetaan kouluautolla.<\/p>\n","protected":false},"featured_media":1488,"template":"","meta":[],"product_brand":[],"product_cat":[39],"product_tag":[],"class_list":{"0":"post-1704","1":"product","2":"type-product","3":"status-publish","4":"has-post-thumbnail","6":"product_cat-ajoterveys","8":"first","9":"instock","10":"taxable","11":"shipping-taxable","12":"purchasable","13":"product-type-simple"},"_links":{"self":[{"href":"https:\/\/tahtikuski.fi\/itakeskus\/index.php?rest_route=\/wp\/v2\/product\/1704","targetHints":{"allow":["GET"]}}],"collection":[{"href":"https:\/\/tahtikuski.fi\/itakeskus\/index.php?rest_route=\/wp\/v2\/product"}],"about":[{"href":"https:\/\/tahtikuski.fi\/itakeskus\/index.php?rest_route=\/wp\/v2\/types\/product"}],"wp:featuredmedia":[{"embeddable":true,"href":"https:\/\/tahtikuski.fi\/itakeskus\/index.php?rest_route=\/wp\/v2\/media\/1488"}],"wp:attachment":[{"href":"https:\/\/tahtikuski.fi\/itakeskus\/index.php?rest_route=%2Fwp%2Fv2%2Fmedia&parent=1704"}],"wp:term":[{"taxonomy":"product_brand","embeddable":true,"href":"https:\/\/tahtikuski.fi\/itakeskus\/index.php?rest_route=%2Fwp%2Fv2%2Fproduct_brand&post=1704"},{"taxonomy":"product_cat","embeddable":true,"href":"https:\/\/tahtikuski.fi\/itakeskus\/index.php?rest_route=%2Fwp%2Fv2%2Fproduct_cat&post=1704"},{"taxonomy":"product_tag","embeddable":true,"href":"https:\/\/tahtikuski.fi\/itakeskus\/index.php?rest_route=%2Fwp%2Fv2%2Fproduct_tag&post=1704"}],"curies":[{"name":"wp","href":"https:\/\/api.w.org\/{rel}","templated":true}]}}