{"id":1706,"date":"2018-08-28T14:59:09","date_gmt":"2018-08-28T11:59:09","guid":{"rendered":"http:\/\/tahtikuski.com\/itakeskus\/?post_type=product&#038;p=1706"},"modified":"2026-01-28T12:13:55","modified_gmt":"2026-01-28T10:13:55","slug":"teoriakoeharjoittelutunnukset","status":"publish","type":"product","link":"https:\/\/tahtikuski.fi\/itakeskus\/?product=teoriakoeharjoittelutunnukset","title":{"rendered":"Teoriakoeharjoittelutunnukset"},"content":{"rendered":"","protected":false},"excerpt":{"rendered":"<p>eAutokoulun teoriakoeharjoitteluohjelma. Suosituksena on, ett\u00e4 suoritat harjoitusteoriakokeen hyv\u00e4ksytysti viidesti ennen teoriakokeen varaamista. Tunnukset ovat voimassa 365 p\u00e4iv\u00e4\u00e4. Mainitse suoritettava ajokorttiluokka tilauksessasi.<\/p>\n","protected":false},"featured_media":1393,"template":"","meta":[],"product_brand":[],"product_cat":[28,35,29,39,30,25,19,26,27,18,21,36,128,22],"product_tag":[],"class_list":{"0":"post-1706","1":"product","2":"type-product","3":"status-publish","4":"has-post-thumbnail","6":"product_cat-a","7":"product_cat-a1","8":"product_cat-a2","9":"product_cat-ajoterveys","10":"product_cat-am-120","11":"product_cat-am-121","12":"product_cat-b","13":"product_cat-be","14":"product_cat-c","15":"product_cat-c1e","16":"product_cat-opetuslupa","17":"product_cat-oppimateriaalit","18":"product_cat-t","19":"product_cat-teoria-opetus","21":"first","22":"instock","23":"taxable","24":"shipping-taxable","25":"purchasable","26":"product-type-simple"},"_links":{"self":[{"href":"https:\/\/tahtikuski.fi\/itakeskus\/index.php?rest_route=\/wp\/v2\/product\/1706","targetHints":{"allow":["GET"]}}],"collection":[{"href":"https:\/\/tahtikuski.fi\/itakeskus\/index.php?rest_route=\/wp\/v2\/product"}],"about":[{"href":"https:\/\/tahtikuski.fi\/itakeskus\/index.php?rest_route=\/wp\/v2\/types\/product"}],"wp:featuredmedia":[{"embeddable":true,"href":"https:\/\/tahtikuski.fi\/itakeskus\/index.php?rest_route=\/wp\/v2\/media\/1393"}],"wp:attachment":[{"href":"https:\/\/tahtikuski.fi\/itakeskus\/index.php?rest_route=%2Fwp%2Fv2%2Fmedia&parent=1706"}],"wp:term":[{"taxonomy":"product_brand","embeddable":true,"href":"https:\/\/tahtikuski.fi\/itakeskus\/index.php?rest_route=%2Fwp%2Fv2%2Fproduct_brand&post=1706"},{"taxonomy":"product_cat","embeddable":true,"href":"https:\/\/tahtikuski.fi\/itakeskus\/index.php?rest_route=%2Fwp%2Fv2%2Fproduct_cat&post=1706"},{"taxonomy":"product_tag","embeddable":true,"href":"https:\/\/tahtikuski.fi\/itakeskus\/index.php?rest_route=%2Fwp%2Fv2%2Fproduct_tag&post=1706"}],"curies":[{"name":"wp","href":"https:\/\/api.w.org\/{rel}","templated":true}]}}