{"id":1818,"date":"2021-09-15T12:55:26","date_gmt":"2021-09-15T09:55:26","guid":{"rendered":"https:\/\/tahtikuski.com\/itakeskus\/?post_type=product&#038;p=1818"},"modified":"2026-01-28T12:12:46","modified_gmt":"2026-01-28T10:12:46","slug":"riskientunnistamiskoulutus-simulaattorilla-itiksen-toimipisteella","status":"publish","type":"product","link":"https:\/\/tahtikuski.fi\/itakeskus\/?product=riskientunnistamiskoulutus-simulaattorilla-itiksen-toimipisteella","title":{"rendered":"Riskientunnistamiskoulutus simulaattorilla Itiksen toimipisteell\u00e4"},"content":{"rendered":"","protected":false},"excerpt":{"rendered":"<p>Riskientunnistamiskoulutus simulaattorilla Itiksen toimipisteell\u00e4.<br \/>\nB-korttia suorittavien tulee osallistua riskientunnistamiskoulutukseen ennen ajokoetta.<\/p>\n<p>Riskientunnistamiskoulutus sis\u00e4lt\u00e4\u00e4:<br \/>\n4h teoria-opetusta<br \/>\n4h ajo-opetusta (taajama-ajo autolla sek\u00e4 maantieajoa, liukkaankelin ajo sek\u00e4 pime\u00e4najo simulaattorilla).<\/p>\n","protected":false},"featured_media":1471,"template":"","meta":[],"product_brand":[],"product_cat":[21,31,37],"product_tag":[],"class_list":{"0":"post-1818","1":"product","2":"type-product","3":"status-publish","4":"has-post-thumbnail","6":"product_cat-opetuslupa","7":"product_cat-riskienhallinta","8":"product_cat-simulaattori","10":"first","11":"instock","12":"taxable","13":"shipping-taxable","14":"purchasable","15":"product-type-simple"},"_links":{"self":[{"href":"https:\/\/tahtikuski.fi\/itakeskus\/index.php?rest_route=\/wp\/v2\/product\/1818","targetHints":{"allow":["GET"]}}],"collection":[{"href":"https:\/\/tahtikuski.fi\/itakeskus\/index.php?rest_route=\/wp\/v2\/product"}],"about":[{"href":"https:\/\/tahtikuski.fi\/itakeskus\/index.php?rest_route=\/wp\/v2\/types\/product"}],"wp:featuredmedia":[{"embeddable":true,"href":"https:\/\/tahtikuski.fi\/itakeskus\/index.php?rest_route=\/wp\/v2\/media\/1471"}],"wp:attachment":[{"href":"https:\/\/tahtikuski.fi\/itakeskus\/index.php?rest_route=%2Fwp%2Fv2%2Fmedia&parent=1818"}],"wp:term":[{"taxonomy":"product_brand","embeddable":true,"href":"https:\/\/tahtikuski.fi\/itakeskus\/index.php?rest_route=%2Fwp%2Fv2%2Fproduct_brand&post=1818"},{"taxonomy":"product_cat","embeddable":true,"href":"https:\/\/tahtikuski.fi\/itakeskus\/index.php?rest_route=%2Fwp%2Fv2%2Fproduct_cat&post=1818"},{"taxonomy":"product_tag","embeddable":true,"href":"https:\/\/tahtikuski.fi\/itakeskus\/index.php?rest_route=%2Fwp%2Fv2%2Fproduct_tag&post=1818"}],"curies":[{"name":"wp","href":"https:\/\/api.w.org\/{rel}","templated":true}]}}