{"id":1880,"date":"2023-01-24T11:02:22","date_gmt":"2023-01-24T09:02:22","guid":{"rendered":"https:\/\/tahtikuski.com\/itakeskus\/?post_type=product&#038;p=1880"},"modified":"2026-01-28T12:36:47","modified_gmt":"2026-01-28T10:36:47","slug":"oppilaan-sahkoinen-oppimateriaali-c","status":"publish","type":"product","link":"https:\/\/tahtikuski.fi\/itakeskus\/?product=oppilaan-sahkoinen-oppimateriaali-c","title":{"rendered":"Oppilaan s\u00e4hk\u00f6inen oppimateriaali (C) sis. s\u00e4hk\u00f6isen kirjan, teht\u00e4vi\u00e4 ja teoriakoeharjoittelu"},"content":{"rendered":"","protected":false},"excerpt":{"rendered":"<p>S\u00e4hk\u00f6inen oppimateriaalipaketti (C) sis\u00e4lt\u00e4en s\u00e4hk\u00f6isen kirjan, monipuolisia teht\u00e4vi\u00e4 teoriaopiskelun ja ajotuntien tueksi, sek\u00e4 teoriakoeharjoitteluohjelma ja koevalmennusohjelma.<\/p>\n<p>Lisenssi on vuoden voimassa.<\/p>\n","protected":false},"featured_media":1393,"template":"","meta":[],"product_brand":[],"product_cat":[27,36],"product_tag":[],"class_list":{"0":"post-1880","1":"product","2":"type-product","3":"status-publish","4":"has-post-thumbnail","6":"product_cat-c","7":"product_cat-oppimateriaalit","9":"first","10":"instock","11":"taxable","12":"shipping-taxable","13":"purchasable","14":"product-type-simple"},"_links":{"self":[{"href":"https:\/\/tahtikuski.fi\/itakeskus\/index.php?rest_route=\/wp\/v2\/product\/1880","targetHints":{"allow":["GET"]}}],"collection":[{"href":"https:\/\/tahtikuski.fi\/itakeskus\/index.php?rest_route=\/wp\/v2\/product"}],"about":[{"href":"https:\/\/tahtikuski.fi\/itakeskus\/index.php?rest_route=\/wp\/v2\/types\/product"}],"wp:featuredmedia":[{"embeddable":true,"href":"https:\/\/tahtikuski.fi\/itakeskus\/index.php?rest_route=\/wp\/v2\/media\/1393"}],"wp:attachment":[{"href":"https:\/\/tahtikuski.fi\/itakeskus\/index.php?rest_route=%2Fwp%2Fv2%2Fmedia&parent=1880"}],"wp:term":[{"taxonomy":"product_brand","embeddable":true,"href":"https:\/\/tahtikuski.fi\/itakeskus\/index.php?rest_route=%2Fwp%2Fv2%2Fproduct_brand&post=1880"},{"taxonomy":"product_cat","embeddable":true,"href":"https:\/\/tahtikuski.fi\/itakeskus\/index.php?rest_route=%2Fwp%2Fv2%2Fproduct_cat&post=1880"},{"taxonomy":"product_tag","embeddable":true,"href":"https:\/\/tahtikuski.fi\/itakeskus\/index.php?rest_route=%2Fwp%2Fv2%2Fproduct_tag&post=1880"}],"curies":[{"name":"wp","href":"https:\/\/api.w.org\/{rel}","templated":true}]}}