{"id":822,"date":"2017-12-15T09:58:49","date_gmt":"2017-12-15T07:58:49","guid":{"rendered":"http:\/\/www.tahtikuski.fi\/kauppa\/?post_type=product&#038;p=822"},"modified":"2018-11-08T17:33:02","modified_gmt":"2018-11-08T15:33:02","slug":"am120-mopo","status":"publish","type":"product","link":"https:\/\/tahtikuski.fi\/itakeskus\/?product=am120-mopo","title":{"rendered":"AM120 Mopokurssi"},"content":{"rendered":"","protected":false},"excerpt":{"rendered":"<p>Ik\u00e4vaatimus 15 vuotta. Aloitus aikaisintaan 6kk ennen vaadittua ik\u00e4\u00e4. Teoriatutkintoon voi osallistua kuukautta ennen, mutta ajo-opetus voi alkaa vasta ik\u00e4vaatimuksen t\u00e4yttyess\u00e4.<\/p>\n<p>Suosittelemme yhten\u00e4 iltana pidett\u00e4vi\u00e4 vapaaehtoisia teorioita. Teoriaopetuksen avulla kokenut opettaja valmentaa oppilaat parhaiten itse ajamiseen. N\u00e4in ajo-opetuksessa voidaan alusta asti keskitty\u00e4 k\u00e4yt\u00e4nn\u00f6n ajoharjoituksiin. Voit lis\u00e4ksi valita teoriakoeharjoitteluohjelman tai laajemman oppimisymp\u00e4rist\u00f6n itseopiskeluja varten.<\/p>\n<p>Kurssi sis\u00e4lt\u00e4\u00e4:<\/p>\n<ul>\n<li>toimistopalvelut<\/li>\n<li>Ensimm\u00e4isen ajokortin suorittajan teoriat<\/li>\n<li>2h ajotuntia<\/li>\n<li>mopon k\u00e4yt\u00f6n k\u00e4sittelykokeessa<\/li>\n<\/ul>\n<p>Kurssin hinta ei sis\u00e4ll\u00e4 viranomaismaksuja<\/p>\n","protected":false},"featured_media":1331,"template":"","meta":[],"product_brand":[],"product_cat":[30,17],"product_tag":[],"class_list":{"0":"post-822","1":"product","2":"type-product","3":"status-publish","4":"has-post-thumbnail","6":"product_cat-am-120","7":"product_cat-kurssit","9":"first","10":"instock","11":"taxable","12":"shipping-taxable","13":"purchasable","14":"product-type-simple"},"_links":{"self":[{"href":"https:\/\/tahtikuski.fi\/itakeskus\/index.php?rest_route=\/wp\/v2\/product\/822","targetHints":{"allow":["GET"]}}],"collection":[{"href":"https:\/\/tahtikuski.fi\/itakeskus\/index.php?rest_route=\/wp\/v2\/product"}],"about":[{"href":"https:\/\/tahtikuski.fi\/itakeskus\/index.php?rest_route=\/wp\/v2\/types\/product"}],"wp:featuredmedia":[{"embeddable":true,"href":"https:\/\/tahtikuski.fi\/itakeskus\/index.php?rest_route=\/wp\/v2\/media\/1331"}],"wp:attachment":[{"href":"https:\/\/tahtikuski.fi\/itakeskus\/index.php?rest_route=%2Fwp%2Fv2%2Fmedia&parent=822"}],"wp:term":[{"taxonomy":"product_brand","embeddable":true,"href":"https:\/\/tahtikuski.fi\/itakeskus\/index.php?rest_route=%2Fwp%2Fv2%2Fproduct_brand&post=822"},{"taxonomy":"product_cat","embeddable":true,"href":"https:\/\/tahtikuski.fi\/itakeskus\/index.php?rest_route=%2Fwp%2Fv2%2Fproduct_cat&post=822"},{"taxonomy":"product_tag","embeddable":true,"href":"https:\/\/tahtikuski.fi\/itakeskus\/index.php?rest_route=%2Fwp%2Fv2%2Fproduct_tag&post=822"}],"curies":[{"name":"wp","href":"https:\/\/api.w.org\/{rel}","templated":true}]}}