{"id":830,"date":"2018-04-04T17:36:20","date_gmt":"2018-04-04T14:36:20","guid":{"rendered":"http:\/\/www.tahtikuski.fi\/kauppa\/?post_type=product&#038;p=830"},"modified":"2026-01-28T13:02:43","modified_gmt":"2026-01-28T11:02:43","slug":"a1-a2-tai-a2-a-moottoripyoran-ajokorttiluokan-korotus","status":"publish","type":"product","link":"https:\/\/tahtikuski.fi\/itakeskus\/?product=a1-a2-tai-a2-a-moottoripyoran-ajokorttiluokan-korotus","title":{"rendered":"Ajokorttiluokan korotus A1 -luokasta A2 -luokkaan"},"content":{"rendered":"","protected":false},"excerpt":{"rendered":"<p>Ajokorttiluokan korotus tapahtuu koulutuksen kautta ilman erillist\u00e4 tutkintoa. Ajo-opetus ajetaan korotettavaan luokkaan kuuluvalla moottoripy\u00f6r\u00e4ll\u00e4. Ik\u00e4vaatimuksen lis\u00e4ksi edellytyksen\u00e4 on 2 vuoden ajokokemus ryhm\u00e4\u00e4 alemmasta moottoripy\u00f6r\u00e4luokasta. Opetuksesta annetaan todistus, joka tulee toimittaa Ajovarman palvelupisteeseen ajokorttilupahakemuksen liitteeksi.<\/p>\n<p>Hinta sis\u00e4lt\u00e4\u00e4:<\/p>\n<ul>\n<li>toimistopalvelut<\/li>\n<li>2h teoriaopetusta<\/li>\n<li>5h ajo-opetusta<\/li>\n<\/ul>\n<p>Kurssin hinta ei sis\u00e4ll\u00e4 viranomaismaksuja.<\/p>\n","protected":false},"featured_media":1712,"template":"","meta":[],"product_brand":[],"product_cat":[29,17],"product_tag":[],"class_list":{"0":"post-830","1":"product","2":"type-product","3":"status-publish","4":"has-post-thumbnail","6":"product_cat-a2","7":"product_cat-kurssit","9":"first","10":"instock","11":"taxable","12":"shipping-taxable","13":"purchasable","14":"product-type-simple"},"_links":{"self":[{"href":"https:\/\/tahtikuski.fi\/itakeskus\/index.php?rest_route=\/wp\/v2\/product\/830","targetHints":{"allow":["GET"]}}],"collection":[{"href":"https:\/\/tahtikuski.fi\/itakeskus\/index.php?rest_route=\/wp\/v2\/product"}],"about":[{"href":"https:\/\/tahtikuski.fi\/itakeskus\/index.php?rest_route=\/wp\/v2\/types\/product"}],"wp:featuredmedia":[{"embeddable":true,"href":"https:\/\/tahtikuski.fi\/itakeskus\/index.php?rest_route=\/wp\/v2\/media\/1712"}],"wp:attachment":[{"href":"https:\/\/tahtikuski.fi\/itakeskus\/index.php?rest_route=%2Fwp%2Fv2%2Fmedia&parent=830"}],"wp:term":[{"taxonomy":"product_brand","embeddable":true,"href":"https:\/\/tahtikuski.fi\/itakeskus\/index.php?rest_route=%2Fwp%2Fv2%2Fproduct_brand&post=830"},{"taxonomy":"product_cat","embeddable":true,"href":"https:\/\/tahtikuski.fi\/itakeskus\/index.php?rest_route=%2Fwp%2Fv2%2Fproduct_cat&post=830"},{"taxonomy":"product_tag","embeddable":true,"href":"https:\/\/tahtikuski.fi\/itakeskus\/index.php?rest_route=%2Fwp%2Fv2%2Fproduct_tag&post=830"}],"curies":[{"name":"wp","href":"https:\/\/api.w.org\/{rel}","templated":true}]}}