{"id":840,"date":"2017-12-15T10:42:46","date_gmt":"2017-12-15T08:42:46","guid":{"rendered":"http:\/\/www.tahtikuski.fi\/kauppa\/?post_type=product&#038;p=840"},"modified":"2025-11-17T21:04:17","modified_gmt":"2025-11-17T19:04:17","slug":"be-kevyt-yhdistelma","status":"publish","type":"product","link":"https:\/\/tahtikuski.fi\/itakeskus\/?product=be-kevyt-yhdistelma","title":{"rendered":"BE &#8211; Per\u00e4vaunun vuokraus ajokokeeseen (ei ajo-opetusta)"},"content":{"rendered":"","protected":false},"excerpt":{"rendered":"<p>BE-kortin suorittamiseen ei tarvitse autokouluopetusta, vaan ajokokeeseen voi menn\u00e4 omalla kalustolla. Tutkinnon voi suorittaa automaattivaihteisella autolla, ilman ett\u00e4 menett\u00e4isit oikeuden ajaa manuaalivaihteista autoa. Meilt\u00e4 voit vuokrata per\u00e4vaunun kuljettajatutkintoon. Vaihtoehtona on my\u00f6s ajotunti\/ajotunteja omalla autolla ja autokoulun per\u00e4vaunulla. Ajotunnin hinta on 80,00 \u20ac (\u00e1 50 min). <a href=\"https:\/\/www.startrent.fi\/ajoneuvovuokraus\/peravaunuvuokraus\/\" target=\"_blank\" rel=\"noopener\">Per\u00e4vaunun vuokra kokeeseen<\/a> on 90,00. Ajotunti ja vuokraus Herttoniemest\u00e4. Meilt\u00e4 voit my\u00f6s ostaa teoriakoeharjoitteluun tarvittavia tunnuksia.<\/p>\n<p>HUOM! Autokoulu varaa sinulle kuljettajatutkinnon mik\u00e4li haluat varata my\u00f6s ajotunnit. Per\u00e4vaunun voit varata <a href=\"https:\/\/www.startrent.fi\/ajoneuvovuokraus\/peravaunuvuokraus\/\" target=\"_blank\" rel=\"noopener\">t\u00e4\u00e4lt\u00e4<\/a>.<\/p>\n","protected":false},"featured_media":1476,"template":"","meta":[],"product_brand":[],"product_cat":[26,17],"product_tag":[],"class_list":{"0":"post-840","1":"product","2":"type-product","3":"status-publish","4":"has-post-thumbnail","6":"product_cat-be","7":"product_cat-kurssit","9":"first","10":"instock","11":"taxable","12":"shipping-taxable","13":"purchasable","14":"product-type-simple"},"_links":{"self":[{"href":"https:\/\/tahtikuski.fi\/itakeskus\/index.php?rest_route=\/wp\/v2\/product\/840","targetHints":{"allow":["GET"]}}],"collection":[{"href":"https:\/\/tahtikuski.fi\/itakeskus\/index.php?rest_route=\/wp\/v2\/product"}],"about":[{"href":"https:\/\/tahtikuski.fi\/itakeskus\/index.php?rest_route=\/wp\/v2\/types\/product"}],"wp:featuredmedia":[{"embeddable":true,"href":"https:\/\/tahtikuski.fi\/itakeskus\/index.php?rest_route=\/wp\/v2\/media\/1476"}],"wp:attachment":[{"href":"https:\/\/tahtikuski.fi\/itakeskus\/index.php?rest_route=%2Fwp%2Fv2%2Fmedia&parent=840"}],"wp:term":[{"taxonomy":"product_brand","embeddable":true,"href":"https:\/\/tahtikuski.fi\/itakeskus\/index.php?rest_route=%2Fwp%2Fv2%2Fproduct_brand&post=840"},{"taxonomy":"product_cat","embeddable":true,"href":"https:\/\/tahtikuski.fi\/itakeskus\/index.php?rest_route=%2Fwp%2Fv2%2Fproduct_cat&post=840"},{"taxonomy":"product_tag","embeddable":true,"href":"https:\/\/tahtikuski.fi\/itakeskus\/index.php?rest_route=%2Fwp%2Fv2%2Fproduct_tag&post=840"}],"curies":[{"name":"wp","href":"https:\/\/api.w.org\/{rel}","templated":true}]}}