{"id":904,"date":"2018-04-03T08:35:38","date_gmt":"2018-04-03T05:35:38","guid":{"rendered":"http:\/\/www.tahtikuski.fi\/kauppa\/?post_type=product&#038;p=904"},"modified":"2018-08-24T16:30:42","modified_gmt":"2018-08-24T13:30:42","slug":"oman-ajokyvyn-arviointi","status":"publish","type":"product","link":"https:\/\/tahtikuski.fi\/itakeskus\/?product=oman-ajokyvyn-arviointi","title":{"rendered":"Autokoulun harjoitusajokoe opetuslupalaisille"},"content":{"rendered":"<p>Ajokyvyn arviointi<\/p>\n","protected":false},"excerpt":{"rendered":"<p>Autokoulun harjoitusajokokeessa arvioidaan kuljettajan ajotaitoa taajamassa ja taajaman ulkopuolella. Arvioinnin\u00a0suorittaa kokenut, asiaan perehtynyt liikenneopettaja ja arvioinnista annetaan aina kirjallinen palaute asiakkaalle. Harjoitusajokoe soveltuu kaikille, jotka haluavat rakentavaa ja kokonaisvaltaista palautetta omasta ajamisestaan.<\/p>\n<p>Ajon aikana varmistetaan, ett\u00e4 kuljettaja kykenee k\u00e4ytt\u00e4m\u00e4\u00e4n sujuvasti kaikkia auton hallintalaitteita, tekem\u00e4\u00e4n oikeita havaintoja ja ennakoimaan sek\u00e4 omaa, ett\u00e4 muiden liikenteess\u00e4 liikkujien toimia. Liikenteess\u00e4 ajaminen\u00a0arvioidaan Trafin ajokokeen arviointiohjeen pohjalta ja tavoitteena on sen lis\u00e4ksi selvitt\u00e4\u00e4 kokonaisvaltaisesti arvioitavan kyky toimia liikenteess\u00e4 turvallisesti.<\/p>\n<p>Sis\u00e4lt\u00e4\u00e4 harjoitusajokokeen asiakkaan tai autokoulun autolla sek\u00e4 palautteen.<\/p>\n","protected":false},"featured_media":1337,"template":"","meta":[],"product_brand":[],"product_cat":[21],"product_tag":[],"class_list":{"0":"post-904","1":"product","2":"type-product","3":"status-publish","4":"has-post-thumbnail","6":"product_cat-opetuslupa","8":"first","9":"instock","10":"taxable","11":"shipping-taxable","12":"purchasable","13":"product-type-simple"},"_links":{"self":[{"href":"https:\/\/tahtikuski.fi\/itakeskus\/index.php?rest_route=\/wp\/v2\/product\/904","targetHints":{"allow":["GET"]}}],"collection":[{"href":"https:\/\/tahtikuski.fi\/itakeskus\/index.php?rest_route=\/wp\/v2\/product"}],"about":[{"href":"https:\/\/tahtikuski.fi\/itakeskus\/index.php?rest_route=\/wp\/v2\/types\/product"}],"wp:featuredmedia":[{"embeddable":true,"href":"https:\/\/tahtikuski.fi\/itakeskus\/index.php?rest_route=\/wp\/v2\/media\/1337"}],"wp:attachment":[{"href":"https:\/\/tahtikuski.fi\/itakeskus\/index.php?rest_route=%2Fwp%2Fv2%2Fmedia&parent=904"}],"wp:term":[{"taxonomy":"product_brand","embeddable":true,"href":"https:\/\/tahtikuski.fi\/itakeskus\/index.php?rest_route=%2Fwp%2Fv2%2Fproduct_brand&post=904"},{"taxonomy":"product_cat","embeddable":true,"href":"https:\/\/tahtikuski.fi\/itakeskus\/index.php?rest_route=%2Fwp%2Fv2%2Fproduct_cat&post=904"},{"taxonomy":"product_tag","embeddable":true,"href":"https:\/\/tahtikuski.fi\/itakeskus\/index.php?rest_route=%2Fwp%2Fv2%2Fproduct_tag&post=904"}],"curies":[{"name":"wp","href":"https:\/\/api.w.org\/{rel}","templated":true}]}}