{"id":926,"date":"2017-12-18T00:29:24","date_gmt":"2017-12-17T22:29:24","guid":{"rendered":"http:\/\/www.tahtikuski.fi\/kauppa\/?post_type=product&#038;p=926"},"modified":"2018-11-08T17:08:23","modified_gmt":"2018-11-08T15:08:23","slug":"moottoripyora-a1-a2-ja-a-ao","status":"publish","type":"product","link":"https:\/\/tahtikuski.fi\/itakeskus\/?product=moottoripyora-a1-a2-ja-a-ao","title":{"rendered":"Lis\u00e4ajotunti moottoripy\u00f6r\u00e4ll\u00e4 (A1\/A2\/A)"},"content":{"rendered":"<p>AJO-OPETUS<\/p>\n","protected":false},"excerpt":{"rendered":"<p>T\u00e4htikuski autokoulussa sinua opettaa aina moottoripy\u00f6r\u00e4koulutukseen erikoistunut liikenneopettaja, joka osaa valita juuri Sinulle oikean tavan l\u00e4hesty\u00e4\u00a0 moottoripy\u00f6r\u00e4ily\u00e4. Ajotuntimaksu sis\u00e4lt\u00e4\u00e4 aina opetuksen, t\u00e4ydelliset ajovarusteet, puhelinj\u00e4rjestelm\u00e4n oppilaan ja opettajan v\u00e4lill\u00e4 sek\u00e4 huolella valitun harjoittelupaikan oppilaan tason mukaan. Yksi ajotunti \u00e1 50 min.<\/p>\n","protected":false},"featured_media":1713,"template":"","meta":[],"product_brand":[],"product_cat":[23],"product_tag":[],"class_list":{"0":"post-926","1":"product","2":"type-product","3":"status-publish","4":"has-post-thumbnail","6":"product_cat-ajo-opetus","8":"first","9":"instock","10":"taxable","11":"shipping-taxable","12":"purchasable","13":"product-type-simple"},"_links":{"self":[{"href":"https:\/\/tahtikuski.fi\/itakeskus\/index.php?rest_route=\/wp\/v2\/product\/926","targetHints":{"allow":["GET"]}}],"collection":[{"href":"https:\/\/tahtikuski.fi\/itakeskus\/index.php?rest_route=\/wp\/v2\/product"}],"about":[{"href":"https:\/\/tahtikuski.fi\/itakeskus\/index.php?rest_route=\/wp\/v2\/types\/product"}],"wp:featuredmedia":[{"embeddable":true,"href":"https:\/\/tahtikuski.fi\/itakeskus\/index.php?rest_route=\/wp\/v2\/media\/1713"}],"wp:attachment":[{"href":"https:\/\/tahtikuski.fi\/itakeskus\/index.php?rest_route=%2Fwp%2Fv2%2Fmedia&parent=926"}],"wp:term":[{"taxonomy":"product_brand","embeddable":true,"href":"https:\/\/tahtikuski.fi\/itakeskus\/index.php?rest_route=%2Fwp%2Fv2%2Fproduct_brand&post=926"},{"taxonomy":"product_cat","embeddable":true,"href":"https:\/\/tahtikuski.fi\/itakeskus\/index.php?rest_route=%2Fwp%2Fv2%2Fproduct_cat&post=926"},{"taxonomy":"product_tag","embeddable":true,"href":"https:\/\/tahtikuski.fi\/itakeskus\/index.php?rest_route=%2Fwp%2Fv2%2Fproduct_tag&post=926"}],"curies":[{"name":"wp","href":"https:\/\/api.w.org\/{rel}","templated":true}]}}