{"id":930,"date":"2017-12-18T00:31:46","date_gmt":"2017-12-17T22:31:46","guid":{"rendered":"http:\/\/www.tahtikuski.fi\/kauppa\/?post_type=product&#038;p=930"},"modified":"2018-08-24T15:55:59","modified_gmt":"2018-08-24T12:55:59","slug":"kevyt-yhdistelma-c1e-ao","status":"publish","type":"product","link":"https:\/\/tahtikuski.fi\/itakeskus\/?product=kevyt-yhdistelma-c1e-ao","title":{"rendered":"Lis\u00e4ajotunti kevyt kuorma-autoyhdistelm\u00e4ll\u00e4 (C1E)"},"content":{"rendered":"<p>AJO-OPETUS<\/p>\n","protected":false},"excerpt":{"rendered":"<p>Kevyt kuorma-auto alle 7500kg, yhdistelm\u00e4 max.12.000kg.<br \/>\nAjotunti \u00e1 50 min.<\/p>\n","protected":false},"featured_media":1053,"template":"","meta":[],"product_brand":[],"product_cat":[23],"product_tag":[],"class_list":{"0":"post-930","1":"product","2":"type-product","3":"status-publish","4":"has-post-thumbnail","6":"product_cat-ajo-opetus","8":"first","9":"instock","10":"taxable","11":"shipping-taxable","12":"purchasable","13":"product-type-simple"},"_links":{"self":[{"href":"https:\/\/tahtikuski.fi\/itakeskus\/index.php?rest_route=\/wp\/v2\/product\/930","targetHints":{"allow":["GET"]}}],"collection":[{"href":"https:\/\/tahtikuski.fi\/itakeskus\/index.php?rest_route=\/wp\/v2\/product"}],"about":[{"href":"https:\/\/tahtikuski.fi\/itakeskus\/index.php?rest_route=\/wp\/v2\/types\/product"}],"wp:featuredmedia":[{"embeddable":true,"href":"https:\/\/tahtikuski.fi\/itakeskus\/index.php?rest_route=\/wp\/v2\/media\/1053"}],"wp:attachment":[{"href":"https:\/\/tahtikuski.fi\/itakeskus\/index.php?rest_route=%2Fwp%2Fv2%2Fmedia&parent=930"}],"wp:term":[{"taxonomy":"product_brand","embeddable":true,"href":"https:\/\/tahtikuski.fi\/itakeskus\/index.php?rest_route=%2Fwp%2Fv2%2Fproduct_brand&post=930"},{"taxonomy":"product_cat","embeddable":true,"href":"https:\/\/tahtikuski.fi\/itakeskus\/index.php?rest_route=%2Fwp%2Fv2%2Fproduct_cat&post=930"},{"taxonomy":"product_tag","embeddable":true,"href":"https:\/\/tahtikuski.fi\/itakeskus\/index.php?rest_route=%2Fwp%2Fv2%2Fproduct_tag&post=930"}],"curies":[{"name":"wp","href":"https:\/\/api.w.org\/{rel}","templated":true}]}}