{"id":949,"date":"2017-12-18T00:48:22","date_gmt":"2017-12-17T22:48:22","guid":{"rendered":"http:\/\/www.tahtikuski.fi\/kauppa\/?post_type=product&#038;p=949"},"modified":"2021-09-15T12:45:56","modified_gmt":"2021-09-15T09:45:56","slug":"ajokyvyn-arviointi","status":"publish","type":"product","link":"https:\/\/tahtikuski.fi\/itakeskus\/?product=ajokyvyn-arviointi","title":{"rendered":"L\u00e4\u00e4k\u00e4rin m\u00e4\u00e4r\u00e4\u00e4m\u00e4 Ajokyvyn arviointi"},"content":{"rendered":"<p>IK\u00c4KULJETTAJAT<\/p>\n","protected":false},"excerpt":{"rendered":"<p>Terveysperusteinen ajonarviointi on luottamuksellinen ja pituudeltaan tunnin mittainen, jonka aikana tarkastellaan kuljettajan kyky\u00e4 liikkua taajamassa ja taajaman ulkopuolella turvallisesti. Arvioinnin\u00a0suorittaa kokenut, ajoterveyteen perehtynyt liikenneopettaja ja arvioinnista annetaan aina kirjallinen lausunto asiakkaalle sek\u00e4 toinen kappale suoraan arviota pyyt\u00e4neelle l\u00e4\u00e4k\u00e4rille.<\/p>\n<p>Arvioinnin aikana varmistetaan, ett\u00e4 kuljettaja kykenee k\u00e4ytt\u00e4m\u00e4\u00e4n sujuvasti kaikkia auton hallintalatteita. T\u00e4m\u00e4n lis\u00e4ksi tarkastellaan kuljettajan kyky\u00e4 tehd\u00e4 havaintoja, h\u00e4nen stressitasoaan, omien virheiden sietokyky\u00e4, ajon suunnitelmallisuutta sek\u00e4 oman toiminnan arviointia. Liikenteess\u00e4 ajamista\u00a0<strong><u>ei<\/u><\/strong>\u00a0arvioida Trafin ajokokeen arviointiohjeen pohjalta, vaan tavoitteena on selvitt\u00e4\u00e4 kokonaisvaltaisesti arvioitavan kyky toimia liikenteess\u00e4 turvallisesti.<\/p>\n<p>Sis\u00e4lt\u00e4\u00e4 1h ajokyvyn arvion asiakkaan tai koulun autolla sek\u00e4 kirjallisen lausunnon l\u00e4hett\u00e4misen l\u00e4\u00e4k\u00e4rille.<\/p>\n","protected":false},"featured_media":1274,"template":"","meta":[],"product_brand":[],"product_cat":[39],"product_tag":[],"class_list":{"0":"post-949","1":"product","2":"type-product","3":"status-publish","4":"has-post-thumbnail","6":"product_cat-ajoterveys","8":"first","9":"instock","10":"taxable","11":"shipping-taxable","12":"purchasable","13":"product-type-simple"},"_links":{"self":[{"href":"https:\/\/tahtikuski.fi\/itakeskus\/index.php?rest_route=\/wp\/v2\/product\/949","targetHints":{"allow":["GET"]}}],"collection":[{"href":"https:\/\/tahtikuski.fi\/itakeskus\/index.php?rest_route=\/wp\/v2\/product"}],"about":[{"href":"https:\/\/tahtikuski.fi\/itakeskus\/index.php?rest_route=\/wp\/v2\/types\/product"}],"wp:featuredmedia":[{"embeddable":true,"href":"https:\/\/tahtikuski.fi\/itakeskus\/index.php?rest_route=\/wp\/v2\/media\/1274"}],"wp:attachment":[{"href":"https:\/\/tahtikuski.fi\/itakeskus\/index.php?rest_route=%2Fwp%2Fv2%2Fmedia&parent=949"}],"wp:term":[{"taxonomy":"product_brand","embeddable":true,"href":"https:\/\/tahtikuski.fi\/itakeskus\/index.php?rest_route=%2Fwp%2Fv2%2Fproduct_brand&post=949"},{"taxonomy":"product_cat","embeddable":true,"href":"https:\/\/tahtikuski.fi\/itakeskus\/index.php?rest_route=%2Fwp%2Fv2%2Fproduct_cat&post=949"},{"taxonomy":"product_tag","embeddable":true,"href":"https:\/\/tahtikuski.fi\/itakeskus\/index.php?rest_route=%2Fwp%2Fv2%2Fproduct_tag&post=949"}],"curies":[{"name":"wp","href":"https:\/\/api.w.org\/{rel}","templated":true}]}}