{"id":956,"date":"2017-12-18T00:56:54","date_gmt":"2017-12-17T22:56:54","guid":{"rendered":"http:\/\/www.tahtikuski.fi\/kauppa\/?post_type=product&#038;p=956"},"modified":"2026-01-28T15:09:23","modified_gmt":"2026-01-28T13:09:23","slug":"liukkaankelin-koulutus","status":"publish","type":"product","link":"https:\/\/tahtikuski.fi\/itakeskus\/?product=liukkaankelin-koulutus","title":{"rendered":"Liukkaankelin koulutus kortilliselle"},"content":{"rendered":"<p>JATKOKOULUTUS<\/p>\n","protected":false},"excerpt":{"rendered":"<p>J\u00e4nnitt\u00e4\u00e4k\u00f6 liukkaalla ajaminen? Varaa liukkaankelin koulutus liikenneopettajan opastamana autokoulun automaatti- tai manuaalivaihteisella autolla. Harjoittelu ajetaan sit\u00e4 Vantaan ajoharjoitteluradalla, miss\u00e4 harjoittelu on turvallista muuta liikennett\u00e4 h\u00e4iritsem\u00e4tt\u00e4.<\/p>\n<p>Kurssi sis\u00e4lt\u00e4\u00e4\u00a0 1 ajotuntia maantieajoa radalle ja takaisin sek\u00e4 liukkaankelin ajotunti radalla ja ratamaksu (90,00).<\/p>\n","protected":false},"featured_media":1065,"template":"","meta":[],"product_brand":[],"product_cat":[40],"product_tag":[],"class_list":{"0":"post-956","1":"product","2":"type-product","3":"status-publish","4":"has-post-thumbnail","6":"product_cat-jatkokoulutus","8":"first","9":"instock","10":"taxable","11":"shipping-taxable","12":"purchasable","13":"product-type-simple"},"_links":{"self":[{"href":"https:\/\/tahtikuski.fi\/itakeskus\/index.php?rest_route=\/wp\/v2\/product\/956","targetHints":{"allow":["GET"]}}],"collection":[{"href":"https:\/\/tahtikuski.fi\/itakeskus\/index.php?rest_route=\/wp\/v2\/product"}],"about":[{"href":"https:\/\/tahtikuski.fi\/itakeskus\/index.php?rest_route=\/wp\/v2\/types\/product"}],"wp:featuredmedia":[{"embeddable":true,"href":"https:\/\/tahtikuski.fi\/itakeskus\/index.php?rest_route=\/wp\/v2\/media\/1065"}],"wp:attachment":[{"href":"https:\/\/tahtikuski.fi\/itakeskus\/index.php?rest_route=%2Fwp%2Fv2%2Fmedia&parent=956"}],"wp:term":[{"taxonomy":"product_brand","embeddable":true,"href":"https:\/\/tahtikuski.fi\/itakeskus\/index.php?rest_route=%2Fwp%2Fv2%2Fproduct_brand&post=956"},{"taxonomy":"product_cat","embeddable":true,"href":"https:\/\/tahtikuski.fi\/itakeskus\/index.php?rest_route=%2Fwp%2Fv2%2Fproduct_cat&post=956"},{"taxonomy":"product_tag","embeddable":true,"href":"https:\/\/tahtikuski.fi\/itakeskus\/index.php?rest_route=%2Fwp%2Fv2%2Fproduct_tag&post=956"}],"curies":[{"name":"wp","href":"https:\/\/api.w.org\/{rel}","templated":true}]}}