{"id":957,"date":"2017-12-18T00:57:30","date_gmt":"2017-12-17T22:57:30","guid":{"rendered":"http:\/\/www.tahtikuski.fi\/kauppa\/?post_type=product&#038;p=957"},"modified":"2018-08-24T16:22:18","modified_gmt":"2018-08-24T13:22:18","slug":"pimean-koulutus-simulaattorilla","status":"publish","type":"product","link":"https:\/\/tahtikuski.fi\/itakeskus\/?product=pimean-koulutus-simulaattorilla","title":{"rendered":"Pime\u00e4najon koulutus simulaattorilla"},"content":{"rendered":"<p>JATKOKOULUTUS<\/p>\n","protected":false},"excerpt":{"rendered":"<p>Pime\u00e4n ajo-opetus annetaan ajosimulaattorilla ymp\u00e4ri vuoden. Simulaattorilla p\u00e4\u00e4st\u00e4\u00e4n harjoittelemaan valojen k\u00e4ytt\u00f6\u00e4 monipuolisesti ja k\u00e4sittelem\u00e4\u00e4n pime\u00e4najamisen riskit jokaisen oppilaan kanssa turvallisesti.<\/p>\n<p>Koulutus sis\u00e4lt\u00e4\u00e4 1h lakis\u00e4\u00e4teisen koulutuksen, palautteen ja todistuksen.<\/p>\n","protected":false},"featured_media":1333,"template":"","meta":[],"product_brand":[],"product_cat":[40],"product_tag":[],"class_list":{"0":"post-957","1":"product","2":"type-product","3":"status-publish","4":"has-post-thumbnail","6":"product_cat-jatkokoulutus","8":"first","9":"instock","10":"taxable","11":"shipping-taxable","12":"purchasable","13":"product-type-simple"},"_links":{"self":[{"href":"https:\/\/tahtikuski.fi\/itakeskus\/index.php?rest_route=\/wp\/v2\/product\/957","targetHints":{"allow":["GET"]}}],"collection":[{"href":"https:\/\/tahtikuski.fi\/itakeskus\/index.php?rest_route=\/wp\/v2\/product"}],"about":[{"href":"https:\/\/tahtikuski.fi\/itakeskus\/index.php?rest_route=\/wp\/v2\/types\/product"}],"wp:featuredmedia":[{"embeddable":true,"href":"https:\/\/tahtikuski.fi\/itakeskus\/index.php?rest_route=\/wp\/v2\/media\/1333"}],"wp:attachment":[{"href":"https:\/\/tahtikuski.fi\/itakeskus\/index.php?rest_route=%2Fwp%2Fv2%2Fmedia&parent=957"}],"wp:term":[{"taxonomy":"product_brand","embeddable":true,"href":"https:\/\/tahtikuski.fi\/itakeskus\/index.php?rest_route=%2Fwp%2Fv2%2Fproduct_brand&post=957"},{"taxonomy":"product_cat","embeddable":true,"href":"https:\/\/tahtikuski.fi\/itakeskus\/index.php?rest_route=%2Fwp%2Fv2%2Fproduct_cat&post=957"},{"taxonomy":"product_tag","embeddable":true,"href":"https:\/\/tahtikuski.fi\/itakeskus\/index.php?rest_route=%2Fwp%2Fv2%2Fproduct_tag&post=957"}],"curies":[{"name":"wp","href":"https:\/\/api.w.org\/{rel}","templated":true}]}}