{"id":1030,"date":"2018-01-07T14:03:38","date_gmt":"2018-01-07T12:03:38","guid":{"rendered":"http:\/\/www.tahtikuski.fi\/kauppa\/?post_type=product&#038;p=1030"},"modified":"2026-04-02T13:09:00","modified_gmt":"2026-04-02T10:09:00","slug":"a-moottoripyora-yli-35kw-aiemmin-b-luokan-kortti","status":"publish","type":"product","link":"https:\/\/tahtikuski.fi\/myyrmaki\/?product=a-moottoripyora-yli-35kw-aiemmin-b-luokan-kortti","title":{"rendered":"A Moottoripy\u00f6r\u00e4 Classic"},"content":{"rendered":"","protected":false},"excerpt":{"rendered":"<div class=\"woocommerce-product-details__short-description\">\n<p>Classic vaihtoehto antaa enemm\u00e4n valmiuksia moottoripy\u00f6r\u00e4ilyyn muutaman lis\u00e4ajotunnin ansiosta. Paketti sis\u00e4lt\u00e4\u00e4 my\u00f6s Netreeni teoriakoeharjoitteluohjelman, jonka avulla p\u00e4\u00e4set harjoittelemaan teoriakokeeseen.<\/p>\n<p>Kuljettajatutkinnossa teoriakoe, k\u00e4sittely- ja ajokoe. Ik\u00e4vaatimus on 16 vuotta. Teoriatutkintoon voi osallistua kuukautta ennen, mutta ajotutkintoon vasta ik\u00e4vaatimuksen t\u00e4yttyess\u00e4.<\/p>\n<p>Kurssiin kuuluu:<\/p>\n<ul>\n<li>Netreeni teoriakoeharjoitteluohjelma<\/li>\n<li>7h ajo-opetusta<\/li>\n<li>py\u00f6r\u00e4n k\u00e4ytt\u00f6 k\u00e4sittely- ja ajokokeessa (pk-seutu)<\/li>\n<\/ul>\n<\/div>\n<form class=\"cart\" action=\"http:\/\/www.tahtikuski.fi\/kauppa\/product\/a-moottoripyora-yli-35kw-aiemmin-b-luokan-kortti\/\" enctype=\"multipart\/form-data\" method=\"post\">\n<div class=\"quantity\">\n<p>Kurssi ei sis\u00e4ll\u00e4 viranomaismaksuja.<\/p>\n<p>HUOM! EAS Liikenteen perusteet (4h teoriapaketti) tulee suorittaa mik\u00e4li oppilaalle ei ole mit\u00e4\u00e4n aijempaa ajokorttia (ei kuulu kurssi hintaan).<\/p>\n<\/div>\n<\/form>\n","protected":false},"featured_media":1311,"comment_status":"closed","ping_status":"closed","template":"","meta":[],"product_brand":[],"product_cat":[54,87],"product_tag":[],"class_list":{"0":"post-1030","1":"product","2":"type-product","3":"status-publish","4":"has-post-thumbnail","6":"product_cat-a","7":"product_cat-kurssit","9":"first","10":"instock","11":"sale","12":"shipping-taxable","13":"purchasable","14":"product-type-simple"},"_links":{"self":[{"href":"https:\/\/tahtikuski.fi\/myyrmaki\/index.php?rest_route=\/wp\/v2\/product\/1030","targetHints":{"allow":["GET"]}}],"collection":[{"href":"https:\/\/tahtikuski.fi\/myyrmaki\/index.php?rest_route=\/wp\/v2\/product"}],"about":[{"href":"https:\/\/tahtikuski.fi\/myyrmaki\/index.php?rest_route=\/wp\/v2\/types\/product"}],"replies":[{"embeddable":true,"href":"https:\/\/tahtikuski.fi\/myyrmaki\/index.php?rest_route=%2Fwp%2Fv2%2Fcomments&post=1030"}],"wp:featuredmedia":[{"embeddable":true,"href":"https:\/\/tahtikuski.fi\/myyrmaki\/index.php?rest_route=\/wp\/v2\/media\/1311"}],"wp:attachment":[{"href":"https:\/\/tahtikuski.fi\/myyrmaki\/index.php?rest_route=%2Fwp%2Fv2%2Fmedia&parent=1030"}],"wp:term":[{"taxonomy":"product_brand","embeddable":true,"href":"https:\/\/tahtikuski.fi\/myyrmaki\/index.php?rest_route=%2Fwp%2Fv2%2Fproduct_brand&post=1030"},{"taxonomy":"product_cat","embeddable":true,"href":"https:\/\/tahtikuski.fi\/myyrmaki\/index.php?rest_route=%2Fwp%2Fv2%2Fproduct_cat&post=1030"},{"taxonomy":"product_tag","embeddable":true,"href":"https:\/\/tahtikuski.fi\/myyrmaki\/index.php?rest_route=%2Fwp%2Fv2%2Fproduct_tag&post=1030"}],"curies":[{"name":"wp","href":"https:\/\/api.w.org\/{rel}","templated":true}]}}