{"id":1371,"date":"2018-04-11T12:00:05","date_gmt":"2018-04-11T09:00:05","guid":{"rendered":"http:\/\/www.tahtikuski.fi\/kauppa\/?post_type=product&#038;p=1371"},"modified":"2026-04-02T13:42:35","modified_gmt":"2026-04-02T10:42:35","slug":"am120-mopo-pohjalla-stradassa-suoritettu-am121-mopoautokortti","status":"publish","type":"product","link":"https:\/\/tahtikuski.fi\/myyrmaki\/?product=am120-mopo-pohjalla-stradassa-suoritettu-am121-mopoautokortti","title":{"rendered":"AM120 Mopo Premium"},"content":{"rendered":"","protected":false},"excerpt":{"rendered":"<p>Premium pakettiin kuluu 3 tuntia ajo-opetusta, jolloin ajamista p\u00e4\u00e4st\u00e4\u00e4 harjoittelemaan k\u00e4sittelyopetuksen lis\u00e4ksi jonkin verran my\u00f6s liikenteess\u00e4. Kuljettajatutkinnossa teoria- ja k\u00e4sittelykoe. Ik\u00e4vaatimus 15 vuotta. Aloitus aikaisintaan 6kk ennen vaadittua ik\u00e4\u00e4. Teoriatutkintoon voi osallistua kuukautta ennen, mutta ajo-opetus voi alkaa vasta ik\u00e4vaatimuksen t\u00e4yttyess\u00e4.<\/p>\n<p>Kurssi sis\u00e4lt\u00e4\u00e4:<\/p>\n<ul>\n<li>oppimisymp\u00e4rist\u00f6n k\u00e4ytt\u00f6<\/li>\n<li>EAS verkkotunnit 4h<\/li>\n<li>3h k\u00e4sittely- ja ajo-opetusta (\u00e150min)<\/li>\n<li>mopon k\u00e4yt\u00f6n k\u00e4sittelykokeessa<\/li>\n<\/ul>\n<p>Kurssi ei sis\u00e4ll\u00e4 viranomaismaksuja.<\/p>\n<div class=\"woocommerce-product-details__short-description\">\n<p>&nbsp;<\/p>\n<\/div>\n","protected":false},"featured_media":1331,"comment_status":"closed","ping_status":"closed","template":"","meta":[],"product_brand":[],"product_cat":[61,87,119],"product_tag":[],"class_list":{"0":"post-1371","1":"product","2":"type-product","3":"status-publish","4":"has-post-thumbnail","6":"product_cat-am-120","7":"product_cat-kurssit","8":"product_cat-tahtikuski-paketit","10":"first","11":"instock","12":"shipping-taxable","13":"purchasable","14":"product-type-simple"},"_links":{"self":[{"href":"https:\/\/tahtikuski.fi\/myyrmaki\/index.php?rest_route=\/wp\/v2\/product\/1371","targetHints":{"allow":["GET"]}}],"collection":[{"href":"https:\/\/tahtikuski.fi\/myyrmaki\/index.php?rest_route=\/wp\/v2\/product"}],"about":[{"href":"https:\/\/tahtikuski.fi\/myyrmaki\/index.php?rest_route=\/wp\/v2\/types\/product"}],"replies":[{"embeddable":true,"href":"https:\/\/tahtikuski.fi\/myyrmaki\/index.php?rest_route=%2Fwp%2Fv2%2Fcomments&post=1371"}],"wp:featuredmedia":[{"embeddable":true,"href":"https:\/\/tahtikuski.fi\/myyrmaki\/index.php?rest_route=\/wp\/v2\/media\/1331"}],"wp:attachment":[{"href":"https:\/\/tahtikuski.fi\/myyrmaki\/index.php?rest_route=%2Fwp%2Fv2%2Fmedia&parent=1371"}],"wp:term":[{"taxonomy":"product_brand","embeddable":true,"href":"https:\/\/tahtikuski.fi\/myyrmaki\/index.php?rest_route=%2Fwp%2Fv2%2Fproduct_brand&post=1371"},{"taxonomy":"product_cat","embeddable":true,"href":"https:\/\/tahtikuski.fi\/myyrmaki\/index.php?rest_route=%2Fwp%2Fv2%2Fproduct_cat&post=1371"},{"taxonomy":"product_tag","embeddable":true,"href":"https:\/\/tahtikuski.fi\/myyrmaki\/index.php?rest_route=%2Fwp%2Fv2%2Fproduct_tag&post=1371"}],"curies":[{"name":"wp","href":"https:\/\/api.w.org\/{rel}","templated":true}]}}