{"id":1373,"date":"2018-04-11T12:11:41","date_gmt":"2018-04-11T09:11:41","guid":{"rendered":"http:\/\/www.tahtikuski.fi\/kauppa\/?post_type=product&#038;p=1373"},"modified":"2026-04-02T13:06:22","modified_gmt":"2026-04-02T10:06:22","slug":"be-ajo-opetus","status":"publish","type":"product","link":"https:\/\/tahtikuski.fi\/myyrmaki\/?product=be-ajo-opetus","title":{"rendered":"BE ajo-opetus"},"content":{"rendered":"<p><strong>Kevyen yhdistelm\u00e4n ajokortti (BE)<\/strong><\/p>\n<h4>Ajokorttivaatimus, kun:<\/h4>\n<ul>\n<li>vetoauto on B-luokan ajoneuvo (kokonaismassa enint\u00e4\u00e4n 3500 kg)<\/li>\n<li>ajoneuvoyhdistelm\u00e4n kokonaismassa on yli 3500 kg<\/li>\n<li>per\u00e4vaunun kokonaismassa on yli 750 kg ja enint\u00e4\u00e4n 3500 kg<\/li>\n<\/ul>\n<h4>BE-luokan kuljettajantutkintoon p\u00e4\u00e4semisen edellytykset<\/h4>\n<ul>\n<li>ik\u00e4 v\u00e4hint\u00e4\u00e4n 18 vuotta<\/li>\n<li>voimassa oleva ajokorttilupa <strong>JA<\/strong><\/li>\n<li>tutkinnon suorittajalla on Suomessa B-luokan ajo-oikeus tai h\u00e4n on suorittanut t\u00e4\u00e4ll\u00e4 B-luokan tutkinnon tai h\u00e4nell\u00e4 on ulkomailla my\u00f6nnetty vastaava ajokortti (B)<br \/>\n<strong>TAI<\/strong><\/li>\n<li>h\u00e4nell\u00e4 on ollut aikaisemmin Suomessa BE-luokan ajoneuvoyhdistelm\u00e4n ajo-oikeus tai h\u00e4nelle on ulkomailla my\u00f6nnetty vastaava ajokortti (BE)<\/li>\n<\/ul>\n<p>&nbsp;<\/p>\n","protected":false},"excerpt":{"rendered":"<p>Yhdistelm\u00e4n peruuttaminen ei aina ole niin helppoa kuin luulisi. Ajotunti BE yhdistelm\u00e4ll\u00e4, joko autokoulun kalustolla tai asiakkaan omalla autolla. Ammattilaisen ohjeistuksessa saat tarvitsemasi vinkit peruutukseen sek\u00e4 tutkintovaatimuksiin. Yksi ajotunti 90\u20ac\/\u00e150min.<\/p>\n<p>&nbsp;<\/p>\n","protected":false},"featured_media":1324,"comment_status":"closed","ping_status":"closed","template":"","meta":[],"product_brand":[],"product_cat":[59,65],"product_tag":[],"class_list":{"0":"post-1373","1":"product","2":"type-product","3":"status-publish","4":"has-post-thumbnail","6":"product_cat-ajo-opetus","7":"product_cat-be","9":"first","10":"instock","11":"shipping-taxable","12":"purchasable","13":"product-type-simple"},"_links":{"self":[{"href":"https:\/\/tahtikuski.fi\/myyrmaki\/index.php?rest_route=\/wp\/v2\/product\/1373","targetHints":{"allow":["GET"]}}],"collection":[{"href":"https:\/\/tahtikuski.fi\/myyrmaki\/index.php?rest_route=\/wp\/v2\/product"}],"about":[{"href":"https:\/\/tahtikuski.fi\/myyrmaki\/index.php?rest_route=\/wp\/v2\/types\/product"}],"replies":[{"embeddable":true,"href":"https:\/\/tahtikuski.fi\/myyrmaki\/index.php?rest_route=%2Fwp%2Fv2%2Fcomments&post=1373"}],"wp:featuredmedia":[{"embeddable":true,"href":"https:\/\/tahtikuski.fi\/myyrmaki\/index.php?rest_route=\/wp\/v2\/media\/1324"}],"wp:attachment":[{"href":"https:\/\/tahtikuski.fi\/myyrmaki\/index.php?rest_route=%2Fwp%2Fv2%2Fmedia&parent=1373"}],"wp:term":[{"taxonomy":"product_brand","embeddable":true,"href":"https:\/\/tahtikuski.fi\/myyrmaki\/index.php?rest_route=%2Fwp%2Fv2%2Fproduct_brand&post=1373"},{"taxonomy":"product_cat","embeddable":true,"href":"https:\/\/tahtikuski.fi\/myyrmaki\/index.php?rest_route=%2Fwp%2Fv2%2Fproduct_cat&post=1373"},{"taxonomy":"product_tag","embeddable":true,"href":"https:\/\/tahtikuski.fi\/myyrmaki\/index.php?rest_route=%2Fwp%2Fv2%2Fproduct_tag&post=1373"}],"curies":[{"name":"wp","href":"https:\/\/api.w.org\/{rel}","templated":true}]}}