{"id":1418,"date":"2018-04-19T15:48:25","date_gmt":"2018-04-19T12:48:25","guid":{"rendered":"http:\/\/www.tahtikuski.fi\/kauppa\/?post_type=product&amp;p=1418"},"modified":"2018-04-19T15:48:25","modified_gmt":"2018-04-19T12:48:25","slug":"riskien-tunnistaminen-pimeanajo-simulaattorilla-1h","status":"publish","type":"product","link":"https:\/\/tahtikuski.fi\/myyrmaki\/?product=riskien-tunnistaminen-pimeanajo-simulaattorilla-1h","title":{"rendered":"RTK &#8211; Pime\u00e4najo simulaattorilla (1h)"},"content":{"rendered":"","protected":false},"excerpt":{"rendered":"<p>Pime\u00e4n ajo-opetus annetaan ajosimulaattorilla ymp\u00e4ri vuoden. Simulaattorilla p\u00e4\u00e4st\u00e4\u00e4n harjoittelemaan valojen k\u00e4ytt\u00f6\u00e4 monipuolisesti ja k\u00e4sittelem\u00e4\u00e4n pime\u00e4najamisen riskit jokaisen oppilaan kanssa turvallisesti. Pime\u00e4najosimulaattori antaa hyvin autenttisen tuntuman pime\u00e4ll\u00e4 ajon riskeist\u00e4. Harjoituksen aikana l\u00e4pi k\u00e4yd\u00e4\u00e4n kaikki keskeiset pime\u00e4ll\u00e4 ajon asiat kuten pys\u00e4k\u00f6inti, valojen k\u00e4ytt\u00f6 kohtaamis- ja ohitustilanteissa, ajonopeuden sovittaminen olosuhteiden mukaan sek\u00e4 jalankulkijoiden tai el\u00e4inten n\u00e4kyminen pime\u00e4ss\u00e4.<\/p>\n<p>Koulutus sis\u00e4lt\u00e4\u00e4 1h lakis\u00e4\u00e4teisen koulutuksen, palautteen ja todistuksen.<\/p>\n<p>HUOM! Valitse t\u00e4m\u00e4, jos olet suorittamassa riskientunnistamiskoulutusta (RTK) toisessa autokoulussa ja sinun tarvitsee suorittaa vain pime\u00e4najo. Muut tarjolla olevat RTK -kurssit sis\u00e4lt\u00e4v\u00e4t pime\u00e4najon.<\/p>\n","protected":false},"featured_media":1333,"comment_status":"closed","ping_status":"closed","template":"","meta":[],"product_brand":[],"product_cat":[110],"product_tag":[],"class_list":{"0":"post-1418","1":"product","2":"type-product","3":"status-publish","4":"has-post-thumbnail","6":"product_cat-simulaattori","8":"first","9":"instock","10":"shipping-taxable","11":"purchasable","12":"product-type-simple"},"_links":{"self":[{"href":"https:\/\/tahtikuski.fi\/myyrmaki\/index.php?rest_route=\/wp\/v2\/product\/1418","targetHints":{"allow":["GET"]}}],"collection":[{"href":"https:\/\/tahtikuski.fi\/myyrmaki\/index.php?rest_route=\/wp\/v2\/product"}],"about":[{"href":"https:\/\/tahtikuski.fi\/myyrmaki\/index.php?rest_route=\/wp\/v2\/types\/product"}],"replies":[{"embeddable":true,"href":"https:\/\/tahtikuski.fi\/myyrmaki\/index.php?rest_route=%2Fwp%2Fv2%2Fcomments&post=1418"}],"wp:featuredmedia":[{"embeddable":true,"href":"https:\/\/tahtikuski.fi\/myyrmaki\/index.php?rest_route=\/wp\/v2\/media\/1333"}],"wp:attachment":[{"href":"https:\/\/tahtikuski.fi\/myyrmaki\/index.php?rest_route=%2Fwp%2Fv2%2Fmedia&parent=1418"}],"wp:term":[{"taxonomy":"product_brand","embeddable":true,"href":"https:\/\/tahtikuski.fi\/myyrmaki\/index.php?rest_route=%2Fwp%2Fv2%2Fproduct_brand&post=1418"},{"taxonomy":"product_cat","embeddable":true,"href":"https:\/\/tahtikuski.fi\/myyrmaki\/index.php?rest_route=%2Fwp%2Fv2%2Fproduct_cat&post=1418"},{"taxonomy":"product_tag","embeddable":true,"href":"https:\/\/tahtikuski.fi\/myyrmaki\/index.php?rest_route=%2Fwp%2Fv2%2Fproduct_tag&post=1418"}],"curies":[{"name":"wp","href":"https:\/\/api.w.org\/{rel}","templated":true}]}}