{"id":1438,"date":"2018-06-24T14:49:43","date_gmt":"2018-06-24T11:49:43","guid":{"rendered":"http:\/\/www.tahtikuski.fi\/kauppa\/?post_type=product&#038;p=1438"},"modified":"2026-04-02T13:12:40","modified_gmt":"2026-04-02T10:12:40","slug":"a2-moottoripyora-tahtikuski-premium","status":"publish","type":"product","link":"https:\/\/tahtikuski.fi\/myyrmaki\/?product=a2-moottoripyora-tahtikuski-premium","title":{"rendered":"A2 Moottoripy\u00f6r\u00e4 T\u00e4htikuski Premium"},"content":{"rendered":"","protected":false},"excerpt":{"rendered":"<p>Premium -vaihtoehto antaa suuremman ajo-opetusm\u00e4\u00e4r\u00e4n ansiosta viel\u00e4kin paremmat valmiudet moottoripy\u00f6r\u00e4ilyyn sek\u00e4 teoriassa ett\u00e4 k\u00e4yt\u00e4nn\u00f6ss\u00e4. Oppimisymp\u00e4rist\u00f6 sis\u00e4lt\u00e4\u00e4 e-kirjan, itseopiskeluteht\u00e4vi\u00e4, tasokokeita sek\u00e4 Netreeni teoriakoeharjoitteluohjelman.\u00a0 N\u00e4in p\u00e4\u00e4set opiskelemaan asioita ennen ajotuntien alkua ja itse ajo-opetuksessa voidaan alusta asti keskitty\u00e4 k\u00e4yt\u00e4nn\u00f6n ajoharjoituksiin.<\/p>\n<p>Kuljettajatutkinnossa teoriakoe, k\u00e4sittely- ja ajokoe. Ik\u00e4vaatimus on 16 vuotta. Teoriatutkintoon voi osallistua kuukautta ennen, mutta ajotutkintoon vasta ik\u00e4vaatimuksen t\u00e4yttyess\u00e4.<\/p>\n<p>Kurssiin kuuluu:<\/p>\n<ul>\n<li>oppimisymp\u00e4rist\u00f6n k\u00e4ytt\u00f6<\/li>\n<li>10h ajo-opetusta<\/li>\n<li>py\u00f6r\u00e4n k\u00e4ytt\u00f6 k\u00e4sittely- ja ajokokeessa (pk-seutu)<\/li>\n<\/ul>\n<p>Kurssi ei sis\u00e4ll\u00e4 viranomaismaksuja.<\/p>\n<p>HUOM! EAS Liikenteen perusteet (4h teoriapaketti) tulee suorittaa mik\u00e4li oppilaalle ei ole mit\u00e4\u00e4n aijempaa ajokorttia (ei kuulu kurssi hintaan).<\/p>\n","protected":false},"featured_media":1302,"comment_status":"closed","ping_status":"closed","template":"","meta":[],"product_brand":[],"product_cat":[56,87,119],"product_tag":[],"class_list":{"0":"post-1438","1":"product","2":"type-product","3":"status-publish","4":"has-post-thumbnail","6":"product_cat-a2","7":"product_cat-kurssit","8":"product_cat-tahtikuski-paketit","10":"first","11":"instock","12":"sale","13":"shipping-taxable","14":"purchasable","15":"product-type-simple"},"_links":{"self":[{"href":"https:\/\/tahtikuski.fi\/myyrmaki\/index.php?rest_route=\/wp\/v2\/product\/1438","targetHints":{"allow":["GET"]}}],"collection":[{"href":"https:\/\/tahtikuski.fi\/myyrmaki\/index.php?rest_route=\/wp\/v2\/product"}],"about":[{"href":"https:\/\/tahtikuski.fi\/myyrmaki\/index.php?rest_route=\/wp\/v2\/types\/product"}],"replies":[{"embeddable":true,"href":"https:\/\/tahtikuski.fi\/myyrmaki\/index.php?rest_route=%2Fwp%2Fv2%2Fcomments&post=1438"}],"wp:featuredmedia":[{"embeddable":true,"href":"https:\/\/tahtikuski.fi\/myyrmaki\/index.php?rest_route=\/wp\/v2\/media\/1302"}],"wp:attachment":[{"href":"https:\/\/tahtikuski.fi\/myyrmaki\/index.php?rest_route=%2Fwp%2Fv2%2Fmedia&parent=1438"}],"wp:term":[{"taxonomy":"product_brand","embeddable":true,"href":"https:\/\/tahtikuski.fi\/myyrmaki\/index.php?rest_route=%2Fwp%2Fv2%2Fproduct_brand&post=1438"},{"taxonomy":"product_cat","embeddable":true,"href":"https:\/\/tahtikuski.fi\/myyrmaki\/index.php?rest_route=%2Fwp%2Fv2%2Fproduct_cat&post=1438"},{"taxonomy":"product_tag","embeddable":true,"href":"https:\/\/tahtikuski.fi\/myyrmaki\/index.php?rest_route=%2Fwp%2Fv2%2Fproduct_tag&post=1438"}],"curies":[{"name":"wp","href":"https:\/\/api.w.org\/{rel}","templated":true}]}}