{"id":1454,"date":"2018-07-04T10:17:51","date_gmt":"2018-07-04T07:17:51","guid":{"rendered":"http:\/\/www.tahtikuski.fi\/kauppa\/?post_type=product&#038;p=1454"},"modified":"2026-04-02T13:46:07","modified_gmt":"2026-04-02T10:46:07","slug":"rtk-riskientunnistamiskoulutus","status":"publish","type":"product","link":"https:\/\/tahtikuski.fi\/myyrmaki\/?product=rtk-riskientunnistamiskoulutus","title":{"rendered":"RTK Riskientunnistamiskoulutus Autolla, sis.ratamaksun"},"content":{"rendered":"<p>RTK -Riskientunnistamiskoulutuksen nelj\u00e4n tunnin teoria-opetus sis\u00e4lt\u00e4\u00e4\u00a0erilaisia aihekokonaisuuksia ja antaa osallistujalle tiedot ja\u00a0valmiudet liikenteen vaaratekij\u00f6iden havainnointiin ja tunnistamiseen sek\u00e4 riskien ennakointiin ja v\u00e4ltt\u00e4miseen. Opetuksessa on k\u00e4sitelt\u00e4v\u00e4 ainakin seuraavat asiakokonaisuudet:<br \/>\n1) Kuljettajan vastuu liikenteess\u00e4<br \/>\n2) Asenteet ja suhtautuminen liikenteen haasteisiin<br \/>\n3) Omaan toimintaan liittyv\u00e4 osaaminen ja oman toiminnan hallinta<br \/>\n4) Automatisaatio ja kuljettajan rooli<\/p>\n<p>Ajo-opetus 4 tuntia sis\u00e4lt\u00e4\u00e4 erityistilanteiden osaamisesta ja niihin liittyvien riskien ennakoimisesta ja v\u00e4ltt\u00e4misest\u00e4. Ajo-opetus suoritetaan p\u00e4\u00e4osin oikealla autolla. Ainoastaan pime\u00e4najonpetus annetaan simulaattorilla. Opetuksessa on k\u00e4sitelt\u00e4v\u00e4 ainakin seuraavat asiakokonaisuudet:<br \/>\n1) Taajama-ajoa<br \/>\n2) Maantieajoa<br \/>\n3) Pime\u00e4najo<br \/>\n4) Liukkaalla kelill\u00e4 ajo<\/p>\n","protected":false},"excerpt":{"rendered":"<p>B-korttia suorittavien tulee osallistua RTK-koulutukseen ennen ajokoetta.<\/p>\n<p>RTK -kurssi sis\u00e4lt\u00e4\u00e4:<\/p>\n<ul>\n<li>4h teoria-opetusta (verkkotunnit)<\/li>\n<li>3h ajo-opetusta autolla (taajama- ja maantie-ajoa, liukkaankelin ajoharjoittelu radalla)<\/li>\n<li>1h pime\u00e4najo simulaattorilla<\/li>\n<li>Ratamaksu ratayhti\u00f6lle (80\u20ac)<\/li>\n<\/ul>\n<p>Ajoharjoitteluradalla tapahtuvan ajo-opetuksen keskeisi\u00e4 asioita ovat nopeuden vaikutus pys\u00e4hdysmatkaan, jarrutus- ja ohjaamistekniikka sek\u00e4 auton hallinta.<\/p>\n","protected":false},"featured_media":1471,"comment_status":"closed","ping_status":"closed","template":"","meta":[],"product_brand":[],"product_cat":[96,106],"product_tag":[],"class_list":{"0":"post-1454","1":"product","2":"type-product","3":"status-publish","4":"has-post-thumbnail","6":"product_cat-opetuslupa","7":"product_cat-riskienhallinta","9":"first","10":"instock","11":"shipping-taxable","12":"purchasable","13":"product-type-simple"},"_links":{"self":[{"href":"https:\/\/tahtikuski.fi\/myyrmaki\/index.php?rest_route=\/wp\/v2\/product\/1454","targetHints":{"allow":["GET"]}}],"collection":[{"href":"https:\/\/tahtikuski.fi\/myyrmaki\/index.php?rest_route=\/wp\/v2\/product"}],"about":[{"href":"https:\/\/tahtikuski.fi\/myyrmaki\/index.php?rest_route=\/wp\/v2\/types\/product"}],"replies":[{"embeddable":true,"href":"https:\/\/tahtikuski.fi\/myyrmaki\/index.php?rest_route=%2Fwp%2Fv2%2Fcomments&post=1454"}],"wp:featuredmedia":[{"embeddable":true,"href":"https:\/\/tahtikuski.fi\/myyrmaki\/index.php?rest_route=\/wp\/v2\/media\/1471"}],"wp:attachment":[{"href":"https:\/\/tahtikuski.fi\/myyrmaki\/index.php?rest_route=%2Fwp%2Fv2%2Fmedia&parent=1454"}],"wp:term":[{"taxonomy":"product_brand","embeddable":true,"href":"https:\/\/tahtikuski.fi\/myyrmaki\/index.php?rest_route=%2Fwp%2Fv2%2Fproduct_brand&post=1454"},{"taxonomy":"product_cat","embeddable":true,"href":"https:\/\/tahtikuski.fi\/myyrmaki\/index.php?rest_route=%2Fwp%2Fv2%2Fproduct_cat&post=1454"},{"taxonomy":"product_tag","embeddable":true,"href":"https:\/\/tahtikuski.fi\/myyrmaki\/index.php?rest_route=%2Fwp%2Fv2%2Fproduct_tag&post=1454"}],"curies":[{"name":"wp","href":"https:\/\/api.w.org\/{rel}","templated":true}]}}