{"id":1456,"date":"2018-07-05T18:17:59","date_gmt":"2018-07-05T15:17:59","guid":{"rendered":"http:\/\/www.tahtikuski.fi\/kauppa\/?post_type=product&#038;p=1456"},"modified":"2026-04-02T13:45:52","modified_gmt":"2026-04-02T10:45:52","slug":"oppilaan-oppimisymparisto-webauto","status":"publish","type":"product","link":"https:\/\/tahtikuski.fi\/myyrmaki\/?product=oppilaan-oppimisymparisto-webauto","title":{"rendered":"Oppimisymp\u00e4rist\u00f6, Webauto (sis. e-kirja, teht\u00e4vi\u00e4, Ajokaista)"},"content":{"rendered":"<p><strong>OPETUSLUPA<\/strong><br \/>\nT\u00e4htikuski Autokoulut tarjoaa nyt palvelua my\u00f6s opetuslupaopetukseen. Meilt\u00e4 l\u00f6yd\u00e4t kaiken tarvitsemasi avun ja materiaalit liittyen opetuslupaopetukseen. Tarjoamme k\u00e4yt\u00f6ss\u00e4mme olevat s\u00e4hk\u00f6iset oppimisymp\u00e4rist\u00f6t sek\u00e4 materiaalit nyt edullisesti ja vaivattomasti opetuslupaopetukseen.<\/p>\n","protected":false},"excerpt":{"rendered":"<p>T\u00e4ydellinen Webauton itseopiskeluymp\u00e4rist\u00f6 B-ajokortin suorittamiseen sis\u00e4lt\u00e4\u00e4: s\u00e4hk\u00f6isen oppikirjan, opetusvideoita, itseopiskeluteht\u00e4vi\u00e4, tasotestit sek\u00e4 vapaan teoriakoeharjoittelun Netreeni- ohjelmalla.<\/p>\n","protected":false},"featured_media":1393,"comment_status":"closed","ping_status":"closed","template":"","meta":[],"product_brand":[],"product_cat":[62,96,97],"product_tag":[],"class_list":{"0":"post-1456","1":"product","2":"type-product","3":"status-publish","4":"has-post-thumbnail","6":"product_cat-am-121","7":"product_cat-opetuslupa","8":"product_cat-oppimateriaalit","10":"first","11":"instock","12":"shipping-taxable","13":"purchasable","14":"product-type-simple"},"_links":{"self":[{"href":"https:\/\/tahtikuski.fi\/myyrmaki\/index.php?rest_route=\/wp\/v2\/product\/1456","targetHints":{"allow":["GET"]}}],"collection":[{"href":"https:\/\/tahtikuski.fi\/myyrmaki\/index.php?rest_route=\/wp\/v2\/product"}],"about":[{"href":"https:\/\/tahtikuski.fi\/myyrmaki\/index.php?rest_route=\/wp\/v2\/types\/product"}],"replies":[{"embeddable":true,"href":"https:\/\/tahtikuski.fi\/myyrmaki\/index.php?rest_route=%2Fwp%2Fv2%2Fcomments&post=1456"}],"wp:featuredmedia":[{"embeddable":true,"href":"https:\/\/tahtikuski.fi\/myyrmaki\/index.php?rest_route=\/wp\/v2\/media\/1393"}],"wp:attachment":[{"href":"https:\/\/tahtikuski.fi\/myyrmaki\/index.php?rest_route=%2Fwp%2Fv2%2Fmedia&parent=1456"}],"wp:term":[{"taxonomy":"product_brand","embeddable":true,"href":"https:\/\/tahtikuski.fi\/myyrmaki\/index.php?rest_route=%2Fwp%2Fv2%2Fproduct_brand&post=1456"},{"taxonomy":"product_cat","embeddable":true,"href":"https:\/\/tahtikuski.fi\/myyrmaki\/index.php?rest_route=%2Fwp%2Fv2%2Fproduct_cat&post=1456"},{"taxonomy":"product_tag","embeddable":true,"href":"https:\/\/tahtikuski.fi\/myyrmaki\/index.php?rest_route=%2Fwp%2Fv2%2Fproduct_tag&post=1456"}],"curies":[{"name":"wp","href":"https:\/\/api.w.org\/{rel}","templated":true}]}}