{"id":1468,"date":"2018-07-11T10:17:20","date_gmt":"2018-07-11T07:17:20","guid":{"rendered":"http:\/\/www.tahtikuski.fi\/kauppa\/?post_type=product&amp;p=1468"},"modified":"2018-07-11T10:17:20","modified_gmt":"2018-07-11T07:17:20","slug":"rtk-riskientunnistamiskoulutus-pelkka-teoria-opetus-4h","status":"publish","type":"product","link":"https:\/\/tahtikuski.fi\/myyrmaki\/?product=rtk-riskientunnistamiskoulutus-pelkka-teoria-opetus-4h","title":{"rendered":"RTK &#8211; pelkk\u00e4 teoriaopetus (4h)"},"content":{"rendered":"<p>TEORIAOPETUS<\/p>\n","protected":false},"excerpt":{"rendered":"<div class=\"woocommerce-product-details__short-description\">\n<p>B-korttia suorittavien tulee osallistua RTK-koulutukseen ennen ajokoetta. Voit k\u00e4yd\u00e4 meille pelk\u00e4n teoriakoulutuksen 4 tuntia, mik\u00e4li suoritat toisessa autokoulussa muun kurssiin kuuluvan opetuksen. Muistathan kuitenkin, ett\u00e4 koko RTK kurssi tulee suorittaa ennen ajokoetta.<\/p>\n<p>RTK -teoriakurssi sis\u00e4lt\u00e4\u00e4:<\/p>\n<ul>\n<li>4h teoriaopetusta verkkotunteina<\/li>\n<\/ul>\n<p>Tunnit suoritetaan verkkotunteina kotoa k\u00e4sin. Verkkotunteja varten tarvitset vain internet-yhteydell\u00e4 varustetun tietokoneen tai mobiililaitteen. Laitteen tulee tukea ohjelman videoformaattia (kysy lis\u00e4\u00e4 toimistolta).<\/p>\n<p>&nbsp;<\/p>\n<\/div>\n","protected":false},"featured_media":1093,"comment_status":"closed","ping_status":"closed","template":"","meta":[],"product_brand":[],"product_cat":[106,118],"product_tag":[],"class_list":{"0":"post-1468","1":"product","2":"type-product","3":"status-publish","4":"has-post-thumbnail","6":"product_cat-riskienhallinta","7":"product_cat-teoria-opetus","9":"first","10":"instock","11":"shipping-taxable","12":"purchasable","13":"product-type-simple"},"_links":{"self":[{"href":"https:\/\/tahtikuski.fi\/myyrmaki\/index.php?rest_route=\/wp\/v2\/product\/1468","targetHints":{"allow":["GET"]}}],"collection":[{"href":"https:\/\/tahtikuski.fi\/myyrmaki\/index.php?rest_route=\/wp\/v2\/product"}],"about":[{"href":"https:\/\/tahtikuski.fi\/myyrmaki\/index.php?rest_route=\/wp\/v2\/types\/product"}],"replies":[{"embeddable":true,"href":"https:\/\/tahtikuski.fi\/myyrmaki\/index.php?rest_route=%2Fwp%2Fv2%2Fcomments&post=1468"}],"wp:featuredmedia":[{"embeddable":true,"href":"https:\/\/tahtikuski.fi\/myyrmaki\/index.php?rest_route=\/wp\/v2\/media\/1093"}],"wp:attachment":[{"href":"https:\/\/tahtikuski.fi\/myyrmaki\/index.php?rest_route=%2Fwp%2Fv2%2Fmedia&parent=1468"}],"wp:term":[{"taxonomy":"product_brand","embeddable":true,"href":"https:\/\/tahtikuski.fi\/myyrmaki\/index.php?rest_route=%2Fwp%2Fv2%2Fproduct_brand&post=1468"},{"taxonomy":"product_cat","embeddable":true,"href":"https:\/\/tahtikuski.fi\/myyrmaki\/index.php?rest_route=%2Fwp%2Fv2%2Fproduct_cat&post=1468"},{"taxonomy":"product_tag","embeddable":true,"href":"https:\/\/tahtikuski.fi\/myyrmaki\/index.php?rest_route=%2Fwp%2Fv2%2Fproduct_tag&post=1468"}],"curies":[{"name":"wp","href":"https:\/\/api.w.org\/{rel}","templated":true}]}}