{"id":1762,"date":"2022-12-22T11:43:15","date_gmt":"2022-12-22T09:43:15","guid":{"rendered":"https:\/\/www.tahtikuski.com\/myyrmaki\/?post_type=product&amp;p=1762"},"modified":"2022-12-22T11:43:15","modified_gmt":"2022-12-22T09:43:15","slug":"eas-liikenteen-perusteet-ajokorttikurssin-yhteydessa","status":"publish","type":"product","link":"https:\/\/tahtikuski.fi\/myyrmaki\/?product=eas-liikenteen-perusteet-ajokorttikurssin-yhteydessa","title":{"rendered":"EAS Liikenteen perusteet AJOKORTTIKURSSIN YHTEYDESS\u00c4"},"content":{"rendered":"<p>TEORIAOPETUS<\/p>\n","protected":false},"excerpt":{"rendered":"<p><strong>Ensimm\u00e4ist\u00e4 ajokorttia suorittavan koulutus<\/strong> (EAS), 4 teoriatuntia, on pakollinen kaikille, jotka ajavat ensimm\u00e4ist\u00e4 ajokorttia.<\/p>\n<ul>\n<li>Opetus sis\u00e4lt\u00e4\u00e4 4 tuntia verkkoteoriakoulutusta liikenteen perusteita<\/li>\n<li>Koulutuksen tavoitteena on antaa ajokorttia suorittavalle perustiedot liikennej\u00e4rjestelm\u00e4st\u00e4, liikennes\u00e4\u00e4nn\u00f6ist\u00e4, liikenteen vuorovaikutteisuudesta ja riskeist\u00e4, eri tienk\u00e4ytt\u00e4j\u00e4ryhmien turvallisuuteen liittyvist\u00e4 tekij\u00f6ist\u00e4, moottorik\u00e4ytt\u00f6isen ajoneuvon kuljettamiseen liittyvist\u00e4 vastuista ja velvollisuuksista sek\u00e4 muista turvallisen ja ymp\u00e4rist\u00f6n huomioon ottavan ajotavan vaatimuksista<\/li>\n<\/ul>\n<p>Tunnit voi suoritetaan verkkotunteina kotoa k\u00e4sin. Verkkotunteja varten tarvitset vain internet-yhteydell\u00e4 varustetun tietokoneen tai mobiililaitteen. Laitteen tulee tukea ohjelman videoformaattia (kysy lis\u00e4\u00e4 toimistolta).<\/p>\n","protected":false},"featured_media":1393,"comment_status":"closed","ping_status":"closed","template":"","meta":[],"product_brand":[],"product_cat":[54,55,56,64,118],"product_tag":[],"class_list":{"0":"post-1762","1":"product","2":"type-product","3":"status-publish","4":"has-post-thumbnail","6":"product_cat-a","7":"product_cat-a1","8":"product_cat-a2","9":"product_cat-b","10":"product_cat-teoria-opetus","12":"first","13":"instock","14":"sale","15":"shipping-taxable","16":"purchasable","17":"product-type-simple"},"_links":{"self":[{"href":"https:\/\/tahtikuski.fi\/myyrmaki\/index.php?rest_route=\/wp\/v2\/product\/1762","targetHints":{"allow":["GET"]}}],"collection":[{"href":"https:\/\/tahtikuski.fi\/myyrmaki\/index.php?rest_route=\/wp\/v2\/product"}],"about":[{"href":"https:\/\/tahtikuski.fi\/myyrmaki\/index.php?rest_route=\/wp\/v2\/types\/product"}],"replies":[{"embeddable":true,"href":"https:\/\/tahtikuski.fi\/myyrmaki\/index.php?rest_route=%2Fwp%2Fv2%2Fcomments&post=1762"}],"wp:featuredmedia":[{"embeddable":true,"href":"https:\/\/tahtikuski.fi\/myyrmaki\/index.php?rest_route=\/wp\/v2\/media\/1393"}],"wp:attachment":[{"href":"https:\/\/tahtikuski.fi\/myyrmaki\/index.php?rest_route=%2Fwp%2Fv2%2Fmedia&parent=1762"}],"wp:term":[{"taxonomy":"product_brand","embeddable":true,"href":"https:\/\/tahtikuski.fi\/myyrmaki\/index.php?rest_route=%2Fwp%2Fv2%2Fproduct_brand&post=1762"},{"taxonomy":"product_cat","embeddable":true,"href":"https:\/\/tahtikuski.fi\/myyrmaki\/index.php?rest_route=%2Fwp%2Fv2%2Fproduct_cat&post=1762"},{"taxonomy":"product_tag","embeddable":true,"href":"https:\/\/tahtikuski.fi\/myyrmaki\/index.php?rest_route=%2Fwp%2Fv2%2Fproduct_tag&post=1762"}],"curies":[{"name":"wp","href":"https:\/\/api.w.org\/{rel}","templated":true}]}}