{"id":1763,"date":"2022-12-22T11:53:51","date_gmt":"2022-12-22T09:53:51","guid":{"rendered":"https:\/\/www.tahtikuski.com\/myyrmaki\/?post_type=product&#038;p=1763"},"modified":"2026-04-02T13:07:57","modified_gmt":"2026-04-02T10:07:57","slug":"henkiloauto-lisa-ajotunti-kurssin-yhteydessa","status":"publish","type":"product","link":"https:\/\/tahtikuski.fi\/myyrmaki\/?product=henkiloauto-lisa-ajotunti-kurssin-yhteydessa","title":{"rendered":"Henkil\u00f6auto lis\u00e4-ajotunti kurssin yhteydess\u00e4"},"content":{"rendered":"<p>AJO-OPETUS<\/p>\n","protected":false},"excerpt":{"rendered":"<p>Ajotunti henkil\u00f6autolla kurssin yhteydess\u00e4. Liikenneopettaja + auto, \u00e150min, opetuskieli suomi<\/p>\n","protected":false},"featured_media":1319,"comment_status":"closed","ping_status":"closed","template":"","meta":[],"product_brand":[],"product_cat":[59],"product_tag":[],"class_list":{"0":"post-1763","1":"product","2":"type-product","3":"status-publish","4":"has-post-thumbnail","6":"product_cat-ajo-opetus","8":"first","9":"instock","10":"shipping-taxable","11":"purchasable","12":"product-type-simple"},"_links":{"self":[{"href":"https:\/\/tahtikuski.fi\/myyrmaki\/index.php?rest_route=\/wp\/v2\/product\/1763","targetHints":{"allow":["GET"]}}],"collection":[{"href":"https:\/\/tahtikuski.fi\/myyrmaki\/index.php?rest_route=\/wp\/v2\/product"}],"about":[{"href":"https:\/\/tahtikuski.fi\/myyrmaki\/index.php?rest_route=\/wp\/v2\/types\/product"}],"replies":[{"embeddable":true,"href":"https:\/\/tahtikuski.fi\/myyrmaki\/index.php?rest_route=%2Fwp%2Fv2%2Fcomments&post=1763"}],"wp:featuredmedia":[{"embeddable":true,"href":"https:\/\/tahtikuski.fi\/myyrmaki\/index.php?rest_route=\/wp\/v2\/media\/1319"}],"wp:attachment":[{"href":"https:\/\/tahtikuski.fi\/myyrmaki\/index.php?rest_route=%2Fwp%2Fv2%2Fmedia&parent=1763"}],"wp:term":[{"taxonomy":"product_brand","embeddable":true,"href":"https:\/\/tahtikuski.fi\/myyrmaki\/index.php?rest_route=%2Fwp%2Fv2%2Fproduct_brand&post=1763"},{"taxonomy":"product_cat","embeddable":true,"href":"https:\/\/tahtikuski.fi\/myyrmaki\/index.php?rest_route=%2Fwp%2Fv2%2Fproduct_cat&post=1763"},{"taxonomy":"product_tag","embeddable":true,"href":"https:\/\/tahtikuski.fi\/myyrmaki\/index.php?rest_route=%2Fwp%2Fv2%2Fproduct_tag&post=1763"}],"curies":[{"name":"wp","href":"https:\/\/api.w.org\/{rel}","templated":true}]}}