{"id":378,"date":"2017-09-27T04:39:45","date_gmt":"2017-09-27T01:39:45","guid":{"rendered":"http:\/\/www.tahtikuski.fi\/kauppa\/?post_type=product&amp;p=378"},"modified":"2017-09-27T04:39:45","modified_gmt":"2017-09-27T01:39:45","slug":"ajoharjoittelurata","status":"publish","type":"product","link":"https:\/\/tahtikuski.fi\/myyrmaki\/?product=ajoharjoittelurata","title":{"rendered":"Ajoharjoittelurata"},"content":{"rendered":"<p>Ajoharjoittelurata<\/p>\n","protected":false},"excerpt":{"rendered":"<p>Ajoharjoittelurata 216\u20ac (lis\u00e4ksi ratayhti\u00f6n veloittama maksu 1.9.2017 50\u20ac)<br \/>\nLiukkaankelin harjoitus 2 tuntia maantiell\u00e4, Perustaidot 60-80kmh maanteill\u00e4 sek\u00e4 Moottoritie, liittyminen, poistuminen, sek\u00e4 1 tunti liukkaankelin radalla.<\/p>\n","protected":false},"featured_media":560,"comment_status":"closed","ping_status":"closed","template":"","meta":[],"product_brand":[],"product_cat":[89,90],"product_tag":[],"class_list":{"0":"post-378","1":"product","2":"type-product","3":"status-publish","4":"has-post-thumbnail","6":"product_cat-malli1","7":"product_cat-malli2","9":"first","10":"instock","11":"shipping-taxable","12":"purchasable","13":"product-type-simple"},"_links":{"self":[{"href":"https:\/\/tahtikuski.fi\/myyrmaki\/index.php?rest_route=\/wp\/v2\/product\/378","targetHints":{"allow":["GET"]}}],"collection":[{"href":"https:\/\/tahtikuski.fi\/myyrmaki\/index.php?rest_route=\/wp\/v2\/product"}],"about":[{"href":"https:\/\/tahtikuski.fi\/myyrmaki\/index.php?rest_route=\/wp\/v2\/types\/product"}],"replies":[{"embeddable":true,"href":"https:\/\/tahtikuski.fi\/myyrmaki\/index.php?rest_route=%2Fwp%2Fv2%2Fcomments&post=378"}],"wp:featuredmedia":[{"embeddable":true,"href":"https:\/\/tahtikuski.fi\/myyrmaki\/index.php?rest_route=\/wp\/v2\/media\/560"}],"wp:attachment":[{"href":"https:\/\/tahtikuski.fi\/myyrmaki\/index.php?rest_route=%2Fwp%2Fv2%2Fmedia&parent=378"}],"wp:term":[{"taxonomy":"product_brand","embeddable":true,"href":"https:\/\/tahtikuski.fi\/myyrmaki\/index.php?rest_route=%2Fwp%2Fv2%2Fproduct_brand&post=378"},{"taxonomy":"product_cat","embeddable":true,"href":"https:\/\/tahtikuski.fi\/myyrmaki\/index.php?rest_route=%2Fwp%2Fv2%2Fproduct_cat&post=378"},{"taxonomy":"product_tag","embeddable":true,"href":"https:\/\/tahtikuski.fi\/myyrmaki\/index.php?rest_route=%2Fwp%2Fv2%2Fproduct_tag&post=378"}],"curies":[{"name":"wp","href":"https:\/\/api.w.org\/{rel}","templated":true}]}}