{"id":822,"date":"2017-12-15T09:58:49","date_gmt":"2017-12-15T07:58:49","guid":{"rendered":"http:\/\/www.tahtikuski.fi\/kauppa\/?post_type=product&#038;p=822"},"modified":"2026-04-02T13:42:16","modified_gmt":"2026-04-02T10:42:16","slug":"am120-mopo","status":"publish","type":"product","link":"https:\/\/tahtikuski.fi\/myyrmaki\/?product=am120-mopo","title":{"rendered":"AM120 Mopo Basic"},"content":{"rendered":"","protected":false},"excerpt":{"rendered":"<p>Basic on edullisin vaihtoehtomme. Se sis\u00e4lt\u00e4\u00e4 pienimm\u00e4n mahdollisen opetusm\u00e4\u00e4r\u00e4n ja sis\u00e4lt\u00e4\u00e4 vain mopon k\u00e4sittelyopetusta.\u00a0Ik\u00e4vaatimus 15 vuotta. Aloitus aikaisintaan 6kk ennen vaadittua ik\u00e4\u00e4. Teoriatutkintoon voi osallistua kuukautta ennen, mutta ajo-opetus voi alkaa vasta ik\u00e4vaatimuksen t\u00e4yttyess\u00e4.<\/p>\n<p>Kurssi sis\u00e4lt\u00e4\u00e4:<\/p>\n<ul>\n<li>toimistomaksu<\/li>\n<li>Netreeni teoriakoeharjoitteluohjelma<\/li>\n<li>EAS verkkotunnit 4h<\/li>\n<li>1,5h k\u00e4sittelyopetusta (75min)<\/li>\n<li>mopon k\u00e4yt\u00f6n k\u00e4sittelykokeessa<\/li>\n<\/ul>\n<p>Kurssi ei sis\u00e4ll\u00e4 oppimateriaalia eik\u00e4 viranomaismaksuja.<\/p>\n<p>&nbsp;<\/p>\n","protected":false},"featured_media":1331,"comment_status":"closed","ping_status":"closed","template":"","meta":[],"product_brand":[],"product_cat":[61,87],"product_tag":[],"class_list":{"0":"post-822","1":"product","2":"type-product","3":"status-publish","4":"has-post-thumbnail","6":"product_cat-am-120","7":"product_cat-kurssit","9":"first","10":"instock","11":"shipping-taxable","12":"purchasable","13":"product-type-simple"},"_links":{"self":[{"href":"https:\/\/tahtikuski.fi\/myyrmaki\/index.php?rest_route=\/wp\/v2\/product\/822","targetHints":{"allow":["GET"]}}],"collection":[{"href":"https:\/\/tahtikuski.fi\/myyrmaki\/index.php?rest_route=\/wp\/v2\/product"}],"about":[{"href":"https:\/\/tahtikuski.fi\/myyrmaki\/index.php?rest_route=\/wp\/v2\/types\/product"}],"replies":[{"embeddable":true,"href":"https:\/\/tahtikuski.fi\/myyrmaki\/index.php?rest_route=%2Fwp%2Fv2%2Fcomments&post=822"}],"wp:featuredmedia":[{"embeddable":true,"href":"https:\/\/tahtikuski.fi\/myyrmaki\/index.php?rest_route=\/wp\/v2\/media\/1331"}],"wp:attachment":[{"href":"https:\/\/tahtikuski.fi\/myyrmaki\/index.php?rest_route=%2Fwp%2Fv2%2Fmedia&parent=822"}],"wp:term":[{"taxonomy":"product_brand","embeddable":true,"href":"https:\/\/tahtikuski.fi\/myyrmaki\/index.php?rest_route=%2Fwp%2Fv2%2Fproduct_brand&post=822"},{"taxonomy":"product_cat","embeddable":true,"href":"https:\/\/tahtikuski.fi\/myyrmaki\/index.php?rest_route=%2Fwp%2Fv2%2Fproduct_cat&post=822"},{"taxonomy":"product_tag","embeddable":true,"href":"https:\/\/tahtikuski.fi\/myyrmaki\/index.php?rest_route=%2Fwp%2Fv2%2Fproduct_tag&post=822"}],"curies":[{"name":"wp","href":"https:\/\/api.w.org\/{rel}","templated":true}]}}