{"id":829,"date":"2017-12-15T10:35:33","date_gmt":"2017-12-15T08:35:33","guid":{"rendered":"http:\/\/www.tahtikuski.fi\/kauppa\/?post_type=product&#038;p=829"},"modified":"2026-04-02T13:09:52","modified_gmt":"2026-04-02T10:09:52","slug":"a1kevytmoottoripyora-enintaan-11kw","status":"publish","type":"product","link":"https:\/\/tahtikuski.fi\/myyrmaki\/?product=a1kevytmoottoripyora-enintaan-11kw","title":{"rendered":"A1 Kevytmoottoripy\u00f6r\u00e4 Basic"},"content":{"rendered":"","protected":false},"excerpt":{"rendered":"<p>Basic on edullisin vaihtoehtomme. Se sis\u00e4lt\u00e4\u00e4 pienimm\u00e4n mahdollisen opetusm\u00e4\u00e4r\u00e4n ja soveltuu n\u00e4in ollen parhaiten oppilaille, joilla on jo entuudestaan kokemusta kaksipy\u00f6r\u00e4isill\u00e4 ajamisesta. Basic vaihtoehdossa asiakas toimittaa itse ajokorttilupa-anomuksen Ajovarmaan.<\/p>\n<p>Kuljettajatutkinnossa teoriakoe, k\u00e4sittely- ja ajokoe.\u00a0Ik\u00e4vaatimus 16 vuotta. Teoriatutkintoon voi osallistua kuukautta ennen, mutta ajotutkintoon vasta ik\u00e4vaatimuksen t\u00e4yttyess\u00e4.<\/p>\n<p>Kurssi sis\u00e4lt\u00e4\u00e4:<\/p>\n<ul>\n<li>Netreeni teoriakoeharjoitteluohjelma<\/li>\n<li>5h ajo-opetusta<\/li>\n<li>py\u00f6r\u00e4n k\u00e4yt\u00f6n k\u00e4sittely- ja ajokokeessa (pk-seutu)<\/li>\n<\/ul>\n<p>Kurssi ei sis\u00e4ll\u00e4:<\/p>\n<ul>\n<li>oppimisymp\u00e4rist\u00f6\u00e4<\/li>\n<li>viranomaismaksuja<\/li>\n<li>EAS turvallisuuskoulutusta<\/li>\n<\/ul>\n<p>HUOM! EAS Liikenteen perusteet\u00a0 (4h teoriapaketti) tulee suorittaa mik\u00e4li oppilaalle ei ole mit\u00e4\u00e4n aijempaa ajokorttia (ei kuulu kurssi hintaan).<\/p>\n","protected":false},"featured_media":1032,"comment_status":"closed","ping_status":"closed","template":"","meta":[],"product_brand":[],"product_cat":[55,87],"product_tag":[],"class_list":{"0":"post-829","1":"product","2":"type-product","3":"status-publish","4":"has-post-thumbnail","6":"product_cat-a1","7":"product_cat-kurssit","9":"first","10":"instock","11":"shipping-taxable","12":"purchasable","13":"product-type-simple"},"_links":{"self":[{"href":"https:\/\/tahtikuski.fi\/myyrmaki\/index.php?rest_route=\/wp\/v2\/product\/829","targetHints":{"allow":["GET"]}}],"collection":[{"href":"https:\/\/tahtikuski.fi\/myyrmaki\/index.php?rest_route=\/wp\/v2\/product"}],"about":[{"href":"https:\/\/tahtikuski.fi\/myyrmaki\/index.php?rest_route=\/wp\/v2\/types\/product"}],"replies":[{"embeddable":true,"href":"https:\/\/tahtikuski.fi\/myyrmaki\/index.php?rest_route=%2Fwp%2Fv2%2Fcomments&post=829"}],"wp:featuredmedia":[{"embeddable":true,"href":"https:\/\/tahtikuski.fi\/myyrmaki\/index.php?rest_route=\/wp\/v2\/media\/1032"}],"wp:attachment":[{"href":"https:\/\/tahtikuski.fi\/myyrmaki\/index.php?rest_route=%2Fwp%2Fv2%2Fmedia&parent=829"}],"wp:term":[{"taxonomy":"product_brand","embeddable":true,"href":"https:\/\/tahtikuski.fi\/myyrmaki\/index.php?rest_route=%2Fwp%2Fv2%2Fproduct_brand&post=829"},{"taxonomy":"product_cat","embeddable":true,"href":"https:\/\/tahtikuski.fi\/myyrmaki\/index.php?rest_route=%2Fwp%2Fv2%2Fproduct_cat&post=829"},{"taxonomy":"product_tag","embeddable":true,"href":"https:\/\/tahtikuski.fi\/myyrmaki\/index.php?rest_route=%2Fwp%2Fv2%2Fproduct_tag&post=829"}],"curies":[{"name":"wp","href":"https:\/\/api.w.org\/{rel}","templated":true}]}}