{"id":831,"date":"2018-04-10T10:08:53","date_gmt":"2018-04-10T07:08:53","guid":{"rendered":"http:\/\/www.tahtikuski.fi\/kauppa\/?post_type=product&#038;p=831"},"modified":"2026-04-02T13:03:32","modified_gmt":"2026-04-02T10:03:32","slug":"b-henkiloauto","status":"publish","type":"product","link":"https:\/\/tahtikuski.fi\/myyrmaki\/?product=b-henkiloauto","title":{"rendered":"B Henkil\u00f6auto -kurssi Basic"},"content":{"rendered":"<p>Autokoulun B-opetuksen voi aloittaa heti 16 vuotta t\u00e4ytetty\u00e4\u00e4n. T\u00e4ll\u00f6in autokoulu kest\u00e4\u00e4 v\u00e4hint\u00e4\u00e4n 24 kuukautta, koska ajotutkinnon voi suorittaa vasta 18-vuotiaana. Suosittelemme autokoulun aloittamista noin puoli vuotta ennen 18 syntym\u00e4p\u00e4iv\u00e4\u00e4.<\/p>\n<p>Autokoulun teoriaopiskelu on monipuolista. Voit itse valita miten teorian opiskelet. Luokkaopetus sis\u00e4lt\u00e4\u00e4 mm. ryhm\u00e4teht\u00e4vi\u00e4 ja -keskusteluja. Opetuksessa hy\u00f6dynnet\u00e4\u00e4n perinteisten v\u00e4lineiden lis\u00e4ksi my\u00f6s s\u00e4hk\u00f6isi\u00e4 verkkoymp\u00e4rist\u00f6j\u00e4. Teoriatunnit voidaan suorittaa joko et\u00e4n\u00e4 verkossa tai paikan p\u00e4\u00e4ll\u00e4 autokoulussa. Oppimisymp\u00e4rist\u00f6ss\u00e4 opiskelet itse teoria asiat ja suoritat tasokokeet.<\/p>\n<p>Ajo-opetus on yksil\u00f6llist\u00e4. Ammattitaitoinen liikenneopettaja r\u00e4\u00e4t\u00e4l\u00f6i ajo-opetuksen erikseen kutakin oppijaa varten. Opiskelu alkaa k\u00e4sittely-harjoituksilla ja etenee sitten helpoista liikennetilanteista monimutkaisempiin kohti itsen\u00e4ist\u00e4 ajamista. Ajo-opetukseen kuuluu my\u00f6s Riskientunnistamiskoulutus (RTK) joka sis\u00e4lt\u00e4\u00e4 my\u00f6s pime\u00e4ll\u00e4 ajon, joka suoritetaan ymp\u00e4rivuotisesti simulaattorilla ja 1h liukkaalla ajonharjoittelua radalla. Ajotunneista enint\u00e4\u00e4n puolet voi nyky\u00e4\u00e4n suorittaa simulaattorilla.<\/p>\n","protected":false},"excerpt":{"rendered":"<p>Basic on edullisin vaihtoehtomme. Se sis\u00e4lt\u00e4\u00e4 pienimm\u00e4n mahdollisen opetusm\u00e4\u00e4r\u00e4n ja soveltuu n\u00e4in ollen parhaiten oppilaille, joilla on jo entuudestaan \u00a0kokemusta auton k\u00e4sittelyst\u00e4 ja liikenteess\u00e4 ajamisesta. Ajotunneista suurin osa suoritetaan simulaattorilla ja vain 6 tuntia autolla.<\/p>\n<p>Kuljettajatutkinnossa teoriakoe ja ajokoe. Teoriatutkintoon voi osallistua kuukautta ennen, mutta ajotutkintoon vasta ik\u00e4vaatimuksen t\u00e4yttyess\u00e4.<\/p>\n<p>Kurssi sis\u00e4lt\u00e4\u00e4:<\/p>\n<ul>\n<li>Netreeni teoriakoeharjoitteluohjelma<\/li>\n<li>8 ajotuntia simulaattorilla<\/li>\n<li>6 ajotuntia autolla<\/li>\n<li>Verkkoteoria: : RTK 4h<\/li>\n<li>auton k\u00e4ytt\u00f6 ajokokeessa<\/li>\n<\/ul>\n<p>Kurssi ei sis\u00e4ll\u00e4 viranomaismaksuja.<\/p>\n<p>HUOM! EAS Liikenteen perusteet (4h teoriapaketti) tulee suorittaa mik\u00e4li oppilaalle ei ole mit\u00e4\u00e4n aijempaa ajokorttia (ei kuulu kurssi hintaan).<\/p>\n","protected":false},"featured_media":1319,"comment_status":"closed","ping_status":"closed","template":"","meta":[],"product_brand":[],"product_cat":[64,87],"product_tag":[],"class_list":{"0":"post-831","1":"product","2":"type-product","3":"status-publish","4":"has-post-thumbnail","6":"product_cat-b","7":"product_cat-kurssit","9":"first","10":"instock","11":"sale","12":"shipping-taxable","13":"purchasable","14":"product-type-simple"},"_links":{"self":[{"href":"https:\/\/tahtikuski.fi\/myyrmaki\/index.php?rest_route=\/wp\/v2\/product\/831","targetHints":{"allow":["GET"]}}],"collection":[{"href":"https:\/\/tahtikuski.fi\/myyrmaki\/index.php?rest_route=\/wp\/v2\/product"}],"about":[{"href":"https:\/\/tahtikuski.fi\/myyrmaki\/index.php?rest_route=\/wp\/v2\/types\/product"}],"replies":[{"embeddable":true,"href":"https:\/\/tahtikuski.fi\/myyrmaki\/index.php?rest_route=%2Fwp%2Fv2%2Fcomments&post=831"}],"wp:featuredmedia":[{"embeddable":true,"href":"https:\/\/tahtikuski.fi\/myyrmaki\/index.php?rest_route=\/wp\/v2\/media\/1319"}],"wp:attachment":[{"href":"https:\/\/tahtikuski.fi\/myyrmaki\/index.php?rest_route=%2Fwp%2Fv2%2Fmedia&parent=831"}],"wp:term":[{"taxonomy":"product_brand","embeddable":true,"href":"https:\/\/tahtikuski.fi\/myyrmaki\/index.php?rest_route=%2Fwp%2Fv2%2Fproduct_brand&post=831"},{"taxonomy":"product_cat","embeddable":true,"href":"https:\/\/tahtikuski.fi\/myyrmaki\/index.php?rest_route=%2Fwp%2Fv2%2Fproduct_cat&post=831"},{"taxonomy":"product_tag","embeddable":true,"href":"https:\/\/tahtikuski.fi\/myyrmaki\/index.php?rest_route=%2Fwp%2Fv2%2Fproduct_tag&post=831"}],"curies":[{"name":"wp","href":"https:\/\/api.w.org\/{rel}","templated":true}]}}