{"id":851,"date":"2017-12-15T10:56:58","date_gmt":"2017-12-15T08:56:58","guid":{"rendered":"http:\/\/www.tahtikuski.fi\/kauppa\/?post_type=product&#038;p=851"},"modified":"2026-04-02T13:45:36","modified_gmt":"2026-04-02T10:45:36","slug":"teoriatunnit-verkossa","status":"publish","type":"product","link":"https:\/\/tahtikuski.fi\/myyrmaki\/?product=teoriatunnit-verkossa","title":{"rendered":"Ajokaista &#8211; teoriakoeharjoitteluohjelma"},"content":{"rendered":"","protected":false},"excerpt":{"rendered":"<p>Netreeni -teoriakoeharjoitteluohjelmalla p\u00e4\u00e4set harjoittelemaan oman ajokorttiluokkasi koskevia kirjallisiakysymyksi\u00e4, kuvia, liikennemerkkej\u00e4 sek\u00e4 oikean teoriakokeen kaltaista harjoitusohjelmaa. Netreeni ei sis\u00e4ll\u00e4 samoja kysymyksi\u00e4 kuin teoriakokeessa, mutta kysymykset ja kuvat ovat saman kaltaisia.<\/p>\n","protected":false},"featured_media":1712,"comment_status":"closed","ping_status":"closed","template":"","meta":[],"product_brand":[],"product_cat":[62,96,97],"product_tag":[],"class_list":{"0":"post-851","1":"product","2":"type-product","3":"status-publish","4":"has-post-thumbnail","6":"product_cat-am-121","7":"product_cat-opetuslupa","8":"product_cat-oppimateriaalit","10":"first","11":"instock","12":"shipping-taxable","13":"purchasable","14":"product-type-simple"},"_links":{"self":[{"href":"https:\/\/tahtikuski.fi\/myyrmaki\/index.php?rest_route=\/wp\/v2\/product\/851","targetHints":{"allow":["GET"]}}],"collection":[{"href":"https:\/\/tahtikuski.fi\/myyrmaki\/index.php?rest_route=\/wp\/v2\/product"}],"about":[{"href":"https:\/\/tahtikuski.fi\/myyrmaki\/index.php?rest_route=\/wp\/v2\/types\/product"}],"replies":[{"embeddable":true,"href":"https:\/\/tahtikuski.fi\/myyrmaki\/index.php?rest_route=%2Fwp%2Fv2%2Fcomments&post=851"}],"wp:featuredmedia":[{"embeddable":true,"href":"https:\/\/tahtikuski.fi\/myyrmaki\/index.php?rest_route=\/wp\/v2\/media\/1712"}],"wp:attachment":[{"href":"https:\/\/tahtikuski.fi\/myyrmaki\/index.php?rest_route=%2Fwp%2Fv2%2Fmedia&parent=851"}],"wp:term":[{"taxonomy":"product_brand","embeddable":true,"href":"https:\/\/tahtikuski.fi\/myyrmaki\/index.php?rest_route=%2Fwp%2Fv2%2Fproduct_brand&post=851"},{"taxonomy":"product_cat","embeddable":true,"href":"https:\/\/tahtikuski.fi\/myyrmaki\/index.php?rest_route=%2Fwp%2Fv2%2Fproduct_cat&post=851"},{"taxonomy":"product_tag","embeddable":true,"href":"https:\/\/tahtikuski.fi\/myyrmaki\/index.php?rest_route=%2Fwp%2Fv2%2Fproduct_tag&post=851"}],"curies":[{"name":"wp","href":"https:\/\/api.w.org\/{rel}","templated":true}]}}