{"id":958,"date":"2017-12-18T00:58:04","date_gmt":"2017-12-17T22:58:04","guid":{"rendered":"http:\/\/www.tahtikuski.fi\/kauppa\/?post_type=product&amp;p=958"},"modified":"2017-12-18T00:58:04","modified_gmt":"2017-12-17T22:58:04","slug":"tykypaivat","status":"publish","type":"product","link":"https:\/\/tahtikuski.fi\/myyrmaki\/?product=tykypaivat","title":{"rendered":"Tykyp\u00e4iv\u00e4t"},"content":{"rendered":"<p>JATKOKOULUTUS<\/p>\n","protected":false},"excerpt":{"rendered":"<p>Yrityksen tai yhteis\u00f6n yhteinen Tyky-p\u00e4iv\u00e4 voidaan j\u00e4rjest\u00e4\u00e4 monimuotoisesti liikenneturvalisuus teemalla. P\u00e4iv\u00e4n ohjelma r\u00e4\u00e4t\u00e4l\u00f6id\u00e4\u00e4n asiakkaan tarpeiden ja halujen mukaan ilman rajoituksia. Ottamalla yhteytt\u00e4 suoraan T\u00e4htikuski autokouluun, saat ehdotuksen ja tarjouksen haluamasi ohjelman pohjalta.<\/p>\n<p>Esimerkki Tyky-p\u00e4iv\u00e4st\u00e4;<\/p>\n<p>Luikkaankelin kurssi &#8211; sis\u00e4lt\u00e4\u00e4 ajoharjoitukset liukkaalla max. 12 hengen ryhm\u00e4lle. Hinta alk 125 \u20ac\/henkil\u00f6<\/p>\n","protected":false},"featured_media":1334,"comment_status":"closed","ping_status":"closed","template":"","meta":[],"product_brand":[],"product_cat":[83],"product_tag":[],"class_list":{"0":"post-958","1":"product","2":"type-product","3":"status-publish","4":"has-post-thumbnail","6":"product_cat-jatkokoulutus","8":"first","9":"instock","10":"shipping-taxable","11":"product-type-simple"},"_links":{"self":[{"href":"https:\/\/tahtikuski.fi\/myyrmaki\/index.php?rest_route=\/wp\/v2\/product\/958","targetHints":{"allow":["GET"]}}],"collection":[{"href":"https:\/\/tahtikuski.fi\/myyrmaki\/index.php?rest_route=\/wp\/v2\/product"}],"about":[{"href":"https:\/\/tahtikuski.fi\/myyrmaki\/index.php?rest_route=\/wp\/v2\/types\/product"}],"replies":[{"embeddable":true,"href":"https:\/\/tahtikuski.fi\/myyrmaki\/index.php?rest_route=%2Fwp%2Fv2%2Fcomments&post=958"}],"wp:featuredmedia":[{"embeddable":true,"href":"https:\/\/tahtikuski.fi\/myyrmaki\/index.php?rest_route=\/wp\/v2\/media\/1334"}],"wp:attachment":[{"href":"https:\/\/tahtikuski.fi\/myyrmaki\/index.php?rest_route=%2Fwp%2Fv2%2Fmedia&parent=958"}],"wp:term":[{"taxonomy":"product_brand","embeddable":true,"href":"https:\/\/tahtikuski.fi\/myyrmaki\/index.php?rest_route=%2Fwp%2Fv2%2Fproduct_brand&post=958"},{"taxonomy":"product_cat","embeddable":true,"href":"https:\/\/tahtikuski.fi\/myyrmaki\/index.php?rest_route=%2Fwp%2Fv2%2Fproduct_cat&post=958"},{"taxonomy":"product_tag","embeddable":true,"href":"https:\/\/tahtikuski.fi\/myyrmaki\/index.php?rest_route=%2Fwp%2Fv2%2Fproduct_tag&post=958"}],"curies":[{"name":"wp","href":"https:\/\/api.w.org\/{rel}","templated":true}]}}